{"id":297674,"date":"2026-02-19T14:20:22","date_gmt":"2026-02-19T13:20:22","guid":{"rendered":"https:\/\/www.swizzle.se\/?post_type=product&#038;p=297674"},"modified":"2026-02-22T13:31:32","modified_gmt":"2026-02-22T12:31:32","slug":"xvape-xmax-v3-pro-dry-herb-vaporizer-black","status":"publish","type":"product","link":"https:\/\/www.swizzle.se\/en\/produkt\/xvape-xmax-v3-pro-dry-herb-vaporizer-black\/","title":{"rendered":"XVAPE &#8211; XMAX V3 Pro Dry Herb Vaporizer &#8211; Blue"},"content":{"rendered":"<h1>XVAPE &#8211; XMAX V3 Pro Dry Herb Vaporizer<\/h1>\n<p>&nbsp;<\/p>\n<p>XVAPE &#8211; XMAX V3 Pro Dry Herb Vaporizer &#8211; Blue \u00e4r mindre \u00e4n sin f\u00f6reg\u00e5ngare V2 med mindre kammare (0,15g) men \u00e4ven hela 80% mindre uppv\u00e4rmningstid (ca 10 sekunder). Laddningstiden \u00e4r p\u00e5 2 timmar med USB-C-kabel och batteriet r\u00e4cker till ca 50 minuters anv\u00e4ndning. Som tidigare version har XMax V3 Pro ett ytterh\u00f6lje av aluminiumlegering, 100% isolerad luftv\u00e4g och kan anv\u00e4ndas till b\u00e5de \u00f6rter och koncentrat. Det magnetiska munstycket \u00e4r utrustat med ett skrapverktyg f\u00f6r enkel reng\u00f6ring.<\/p>\n<p><b>Den perfekta produkten f\u00f6r den som vill komma in i vaporizer-v\u00e4rlden utan att spr\u00e4cka sin budget<\/b><\/p>\n<p>XMax V3 Pro har konvektionsuppv\u00e4rmning, vilket inneb\u00e4r att ditt material inte kommer i direkt kontakt med v\u00e4rmek\u00e4llan utan endast hettas upp med het luft. Detta g\u00f6r att du f\u00e5r ut mer av ditt material n\u00e4r det g\u00e4ller smak och \u00e5nga. F\u00f6rutom den vanliga sessionen har V3 Pro nu \u00e4ven &#8221;on demand&#8221;-funktion med 30 sekunders uppv\u00e4rmning \u00e5t g\u00e5ngen. Du st\u00e4ller l\u00e4tt in l\u00e4ge och temperatur p\u00e5 den stora OLED-sk\u00e4rmen d\u00e4r du \u00e4ven ser aktuell temperatur och batteristatus. V3 Pro passar de flesta anv\u00e4ndare med sin snabba uppv\u00e4rmningstid och l\u00e4ttanv\u00e4nda gr\u00e4nssnitt.<\/p>\n<ul>\n<li>Storlek: 15 x 2,7 \u00d7 2,4 cm<\/li>\n<li>L\u00e4gen: Session (4 eller 6 min) och on-demand (30 sek)<\/li>\n<li>Temperatur: 100-220\u00b0C (212-428\u00b0F)<\/li>\n<li>Haptic feedback<\/li>\n<li>Batteri: Utbytbart 18650, 2600 mAh, 3.7V<\/li>\n<li>Laddning: USB-C-laddningsport (kabel inkluderad)<\/li>\n<li>Ing\u00e5r i paketet: XMax V3 Pro, laddningskabel, reng\u00f6ringsborste, tops, v\u00e5tservetter, koncentratkopp och instruktionsmanual.<\/li>\n<\/ul>\n<p>V\u00e4nligen notera: med koncentrat menas exempelvis rosin, olja, vax, BHO (Butane Honey Oil), shatter och budder. Garantin g\u00e4ller inte om vaporizern g\u00e5r s\u00f6nder f\u00f6r att man f\u00f6rs\u00f6kt f\u00f6r\u00e5nga n\u00e5got annat \u00e4n just ett \u00e4kta koncentrat.<\/p>","protected":false},"excerpt":{"rendered":"<h1>XVAPE &#8211; XMAX V3 Pro Dry Herb Vaporizer &#8211; Blue<\/h1>\n<p>&nbsp;<\/p>\n<p>XVAPE &#8211; XMAX V3 Pro Dry Herb Vaporizer &#8211; Blue \u00e4r mindre \u00e4n sin f\u00f6reg\u00e5ngare V2 med mindre kammare (0,15g) men \u00e4ven hela 80% mindre uppv\u00e4rmningstid (ca 10 sekunder). Laddningstiden \u00e4r p\u00e5 2 timmar med USB-C-kabel och batteriet r\u00e4cker till ca 50 minuters anv\u00e4ndning. Som tidigare version har XMax V3 Pro ett ytterh\u00f6lje av aluminiumlegering, 100% isolerad luftv\u00e4g och kan anv\u00e4ndas till b\u00e5de \u00f6rter och koncentrat. Det magnetiska munstycket \u00e4r utrustat med ett skrapverktyg f\u00f6r enkel reng\u00f6ring.<\/p>","protected":false},"featured_media":297679,"comment_status":"closed","ping_status":"closed","template":"","meta":{"site-sidebar-layout":"default","site-content-layout":"","ast-site-content-layout":"default","site-content-style":"default","site-sidebar-style":"default","ast-global-header-display":"","ast-banner-title-visibility":"","ast-main-header-display":"","ast-hfb-above-header-display":"","ast-hfb-below-header-display":"","ast-hfb-mobile-header-display":"","site-post-title":"","ast-breadcrumbs-content":"","ast-featured-img":"","footer-sml-layout":"","ast-disable-related-posts":"","theme-transparent-header-meta":"default","adv-header-id-meta":"","stick-header-meta":"default","header-above-stick-meta":"","header-main-stick-meta":"","header-below-stick-meta":"","astra-migrate-meta-layouts":"set","ast-page-background-enabled":"default","ast-page-background-meta":{"desktop":{"background-color":"var(--ast-global-color-4)","background-image":"","background-repeat":"repeat","background-position":"center center","background-size":"auto","background-attachment":"scroll","background-type":"","background-media":"","overlay-type":"","overlay-color":"","overlay-opacity":"","overlay-gradient":""},"tablet":{"background-color":"","background-image":"","background-repeat":"repeat","background-position":"center center","background-size":"auto","background-attachment":"scroll","background-type":"","background-media":"","overlay-type":"","overlay-color":"","overlay-opacity":"","overlay-gradient":""},"mobile":{"background-color":"","background-image":"","background-repeat":"repeat","background-position":"center center","background-size":"auto","background-attachment":"scroll","background-type":"","background-media":"","overlay-type":"","overlay-color":"","overlay-opacity":"","overlay-gradient":""}},"ast-content-background-meta":{"desktop":{"background-color":"var(--ast-global-color-5)","background-image":"","background-repeat":"repeat","background-position":"center center","background-size":"auto","background-attachment":"scroll","background-type":"","background-media":"","overlay-type":"","overlay-color":"","overlay-opacity":"","overlay-gradient":""},"tablet":{"background-color":"var(--ast-global-color-5)","background-image":"","background-repeat":"repeat","background-position":"center center","background-size":"auto","background-attachment":"scroll","background-type":"","background-media":"","overlay-type":"","overlay-color":"","overlay-opacity":"","overlay-gradient":""},"mobile":{"background-color":"var(--ast-global-color-5)","background-image":"","background-repeat":"repeat","background-position":"center center","background-size":"auto","background-attachment":"scroll","background-type":"","background-media":"","overlay-type":"","overlay-color":"","overlay-opacity":"","overlay-gradient":""}}},"product_brand":[775],"product_cat":[395],"product_tag":[],"class_list":{"0":"post-297674","1":"product","2":"type-product","3":"status-publish","4":"has-post-thumbnail","6":"product_brand-xvape","7":"product_cat-vaporizer","8":"desktop-align-center","9":"tablet-align-left","10":"mobile-align-left","11":"ast-product-gallery-layout-vertical-slider","12":"ast-magnify-disabled","13":"ast-product-tabs-layout-horizontal","15":"first","16":"outofstock","17":"taxable","18":"shipping-taxable","19":"purchasable","20":"product-type-simple"},"yoast_head":"<!-- This site is optimized with the Yoast SEO Premium plugin v27.1 (Yoast SEO v27.1.1) - https:\/\/yoast.com\/product\/yoast-seo-premium-wordpress\/ -->\n<title>XVAPE - XMAX V3 Pro Dry Herb Vaporizer - Blue<\/title>\n<meta name=\"description\" content=\"XVAPE - XMAX V3 Pro Dry Herb Vaporizer - \u00c4r mindre \u00e4n sin f\u00f6reg\u00e5ngare V2 med mindre kammare. Konvektionsuppv\u00e4rmd - endast het luft.\" \/>\n<meta name=\"robots\" content=\"index, follow, max-snippet:-1, max-image-preview:large, max-video-preview:-1\" \/>\n<link rel=\"canonical\" href=\"https:\/\/www.swizzle.se\/en\/product-2\/xvape-xmax-v3-pro-dry-herb-vaporizer-black\/\" \/>\n<meta property=\"og:locale\" content=\"en_GB\" \/>\n<meta property=\"og:type\" content=\"article\" \/>\n<meta property=\"og:title\" content=\"XVAPE - XMAX V3 Pro Dry Herb Vaporizer - Blue\" \/>\n<meta property=\"og:description\" content=\"XVAPE - XMAX V3 Pro Dry Herb Vaporizer - \u00c4r mindre \u00e4n sin f\u00f6reg\u00e5ngare V2 med mindre kammare. Konvektionsuppv\u00e4rmd - endast het luft.\" \/>\n<meta property=\"og:url\" content=\"https:\/\/www.swizzle.se\/en\/product-2\/xvape-xmax-v3-pro-dry-herb-vaporizer-black\/\" \/>\n<meta property=\"og:site_name\" content=\"Swizzle\" \/>\n<meta property=\"article:modified_time\" content=\"2026-02-22T12:31:32+00:00\" \/>\n<meta property=\"og:image\" content=\"https:\/\/www.swizzle.se\/wp-content\/uploads\/2026\/02\/XMAX-V3-PRO-3.jpg\" \/>\n\t<meta property=\"og:image:width\" content=\"800\" \/>\n\t<meta property=\"og:image:height\" content=\"800\" \/>\n\t<meta property=\"og:image:type\" content=\"image\/jpeg\" \/>\n<meta name=\"twitter:card\" content=\"summary_large_image\" \/>\n<meta name=\"twitter:label1\" content=\"Price\" \/>\n\t<meta name=\"twitter:data1\" content=\"1 ,249.00&nbsp;&#107;&#114;\" \/>\n\t<meta name=\"twitter:label2\" content=\"Availability\" \/>\n\t<meta name=\"twitter:data2\" content=\"Out of stock\" \/>\n<script type=\"application\/ld+json\" class=\"yoast-schema-graph\">{\"@context\":\"https:\/\/schema.org\",\"@graph\":[{\"@type\":\"WebPage\",\"@id\":\"https:\/\/www.swizzle.se\/en\/produkt\/xvape-xmax-v3-pro-dry-herb-vaporizer-black\/\",\"url\":\"https:\/\/www.swizzle.se\/en\/produkt\/xvape-xmax-v3-pro-dry-herb-vaporizer-black\/\",\"name\":\"XVAPE - XMAX V3 Pro Dry Herb Vaporizer - Blue\",\"isPartOf\":{\"@id\":\"https:\/\/www.swizzle.se\/#website\"},\"primaryImageOfPage\":{\"@id\":\"https:\/\/www.swizzle.se\/en\/produkt\/xvape-xmax-v3-pro-dry-herb-vaporizer-black\/#primaryimage\"},\"image\":{\"@id\":\"https:\/\/www.swizzle.se\/en\/produkt\/xvape-xmax-v3-pro-dry-herb-vaporizer-black\/#primaryimage\"},\"thumbnailUrl\":\"https:\/\/www.swizzle.se\/wp-content\/uploads\/2026\/02\/XMAX-V3-PRO-3.jpg\",\"datePublished\":\"2026-02-19T13:20:22+00:00\",\"dateModified\":\"2026-02-22T12:31:32+00:00\",\"description\":\"XVAPE - XMAX V3 Pro Dry Herb Vaporizer - \u00c4r mindre \u00e4n sin f\u00f6reg\u00e5ngare V2 med mindre kammare. Konvektionsuppv\u00e4rmd - endast het luft.\",\"breadcrumb\":{\"@id\":\"https:\/\/www.swizzle.se\/en\/produkt\/xvape-xmax-v3-pro-dry-herb-vaporizer-black\/#breadcrumb\"},\"inLanguage\":\"en-GB\",\"potentialAction\":[{\"@type\":\"ReadAction\",\"target\":[\"https:\/\/www.swizzle.se\/en\/produkt\/xvape-xmax-v3-pro-dry-herb-vaporizer-black\/\"]}]},{\"@type\":\"ImageObject\",\"inLanguage\":\"en-GB\",\"@id\":\"https:\/\/www.swizzle.se\/en\/produkt\/xvape-xmax-v3-pro-dry-herb-vaporizer-black\/#primaryimage\",\"url\":\"https:\/\/www.swizzle.se\/wp-content\/uploads\/2026\/02\/XMAX-V3-PRO-3.jpg\",\"contentUrl\":\"https:\/\/www.swizzle.se\/wp-content\/uploads\/2026\/02\/XMAX-V3-PRO-3.jpg\",\"width\":800,\"height\":800,\"caption\":\"XVAPE X-max V3 Pro black\"},{\"@type\":\"BreadcrumbList\",\"@id\":\"https:\/\/www.swizzle.se\/en\/produkt\/xvape-xmax-v3-pro-dry-herb-vaporizer-black\/#breadcrumb\",\"itemListElement\":[{\"@type\":\"ListItem\",\"position\":1,\"name\":\"Home\",\"item\":\"https:\/\/www.swizzle.se\/\"},{\"@type\":\"ListItem\",\"position\":2,\"name\":\"Shop\",\"item\":\"https:\/\/www.swizzle.se\/shop\/\"},{\"@type\":\"ListItem\",\"position\":3,\"name\":\"R\u00d6KTILLBEH\u00d6R\",\"item\":\"https:\/\/www.swizzle.se\/produkt-kategori\/roktillbehor\/\"},{\"@type\":\"ListItem\",\"position\":4,\"name\":\"VAPORIZER\",\"item\":\"https:\/\/www.swizzle.se\/produkt-kategori\/roktillbehor\/vaporizer\/\"},{\"@type\":\"ListItem\",\"position\":5,\"name\":\"XVAPE &#8211; XMAX V3 Pro Dry Herb Vaporizer &#8211; Blue\"}]},{\"@type\":\"WebSite\",\"@id\":\"https:\/\/www.swizzle.se\/#website\",\"url\":\"https:\/\/www.swizzle.se\/\",\"name\":\"Swizzle\",\"description\":\"Nikotin CBD Vapes Snus White Portion\",\"publisher\":{\"@id\":\"https:\/\/www.swizzle.se\/#organization\"},\"potentialAction\":[{\"@type\":\"SearchAction\",\"target\":{\"@type\":\"EntryPoint\",\"urlTemplate\":\"https:\/\/www.swizzle.se\/?s={search_term_string}\"},\"query-input\":{\"@type\":\"PropertyValueSpecification\",\"valueRequired\":true,\"valueName\":\"search_term_string\"}}],\"inLanguage\":\"en-GB\"},{\"@type\":\"Organization\",\"@id\":\"https:\/\/www.swizzle.se\/#organization\",\"name\":\"Swizzle\",\"url\":\"https:\/\/www.swizzle.se\/\",\"logo\":{\"@type\":\"ImageObject\",\"inLanguage\":\"en-GB\",\"@id\":\"https:\/\/www.swizzle.se\/#\/schema\/logo\/image\/\",\"url\":\"https:\/\/www.swizzle.se\/wp-content\/uploads\/2025\/10\/cropped-SWIZZLE.-4.png\",\"contentUrl\":\"https:\/\/www.swizzle.se\/wp-content\/uploads\/2025\/10\/cropped-SWIZZLE.-4.png\",\"width\":800,\"height\":267,\"caption\":\"Swizzle\"},\"image\":{\"@id\":\"https:\/\/www.swizzle.se\/#\/schema\/logo\/image\/\"},\"hasMerchantReturnPolicy\":{\"@type\":\"MerchantReturnPolicy\",\"merchantReturnLink\":\"https:\/\/www.swizzle.se\/en\/villkor\/\"}}]}<\/script>\n<meta property=\"product:price:amount\" content=\"1249.00\" \/>\n<meta property=\"product:price:currency\" content=\"SEK\" \/>\n<meta property=\"og:availability\" content=\"out of stock\" \/>\n<meta property=\"product:availability\" content=\"out of stock\" \/>\n<meta property=\"product:retailer_item_id\" content=\"64950-1\" \/>\n<meta property=\"product:condition\" content=\"new\" \/>\n<!-- \/ Yoast SEO Premium plugin. -->","yoast_head_json":{"title":"XVAPE - XMAX V3 Pro Dry Herb Vaporizer - Blue","description":"XVAPE - XMAX V3 Pro Dry Herb Vaporizer - \u00c4r mindre \u00e4n sin f\u00f6reg\u00e5ngare V2 med mindre kammare. Konvektionsuppv\u00e4rmd - endast het luft.","robots":{"index":"index","follow":"follow","max-snippet":"max-snippet:-1","max-image-preview":"max-image-preview:large","max-video-preview":"max-video-preview:-1"},"canonical":"https:\/\/www.swizzle.se\/en\/product-2\/xvape-xmax-v3-pro-dry-herb-vaporizer-black\/","og_locale":"en_GB","og_type":"article","og_title":"XVAPE - XMAX V3 Pro Dry Herb Vaporizer - Blue","og_description":"XVAPE - XMAX V3 Pro Dry Herb Vaporizer - \u00c4r mindre \u00e4n sin f\u00f6reg\u00e5ngare V2 med mindre kammare. Konvektionsuppv\u00e4rmd - endast het luft.","og_url":"https:\/\/www.swizzle.se\/en\/product-2\/xvape-xmax-v3-pro-dry-herb-vaporizer-black\/","og_site_name":"Swizzle","article_modified_time":"2026-02-22T12:31:32+00:00","og_image":[{"width":800,"height":800,"url":"https:\/\/www.swizzle.se\/wp-content\/uploads\/2026\/02\/XMAX-V3-PRO-3.jpg","type":"image\/jpeg"}],"twitter_card":"summary_large_image","twitter_misc":{"Price":"1 ,249.00&nbsp;&#107;&#114;","Availability":"Out of stock"},"schema":{"@context":"https:\/\/schema.org","@graph":[{"@type":"WebPage","@id":"https:\/\/www.swizzle.se\/en\/produkt\/xvape-xmax-v3-pro-dry-herb-vaporizer-black\/","url":"https:\/\/www.swizzle.se\/en\/produkt\/xvape-xmax-v3-pro-dry-herb-vaporizer-black\/","name":"XVAPE - XMAX V3 Pro Dry Herb Vaporizer - Blue","isPartOf":{"@id":"https:\/\/www.swizzle.se\/#website"},"primaryImageOfPage":{"@id":"https:\/\/www.swizzle.se\/en\/produkt\/xvape-xmax-v3-pro-dry-herb-vaporizer-black\/#primaryimage"},"image":{"@id":"https:\/\/www.swizzle.se\/en\/produkt\/xvape-xmax-v3-pro-dry-herb-vaporizer-black\/#primaryimage"},"thumbnailUrl":"https:\/\/www.swizzle.se\/wp-content\/uploads\/2026\/02\/XMAX-V3-PRO-3.jpg","datePublished":"2026-02-19T13:20:22+00:00","dateModified":"2026-02-22T12:31:32+00:00","description":"XVAPE - XMAX V3 Pro Dry Herb Vaporizer - \u00c4r mindre \u00e4n sin f\u00f6reg\u00e5ngare V2 med mindre kammare. Konvektionsuppv\u00e4rmd - endast het luft.","breadcrumb":{"@id":"https:\/\/www.swizzle.se\/en\/produkt\/xvape-xmax-v3-pro-dry-herb-vaporizer-black\/#breadcrumb"},"inLanguage":"en-GB","potentialAction":[{"@type":"ReadAction","target":["https:\/\/www.swizzle.se\/en\/produkt\/xvape-xmax-v3-pro-dry-herb-vaporizer-black\/"]}]},{"@type":"ImageObject","inLanguage":"en-GB","@id":"https:\/\/www.swizzle.se\/en\/produkt\/xvape-xmax-v3-pro-dry-herb-vaporizer-black\/#primaryimage","url":"https:\/\/www.swizzle.se\/wp-content\/uploads\/2026\/02\/XMAX-V3-PRO-3.jpg","contentUrl":"https:\/\/www.swizzle.se\/wp-content\/uploads\/2026\/02\/XMAX-V3-PRO-3.jpg","width":800,"height":800,"caption":"XVAPE X-max V3 Pro black"},{"@type":"BreadcrumbList","@id":"https:\/\/www.swizzle.se\/en\/produkt\/xvape-xmax-v3-pro-dry-herb-vaporizer-black\/#breadcrumb","itemListElement":[{"@type":"ListItem","position":1,"name":"Home","item":"https:\/\/www.swizzle.se\/"},{"@type":"ListItem","position":2,"name":"Shop","item":"https:\/\/www.swizzle.se\/shop\/"},{"@type":"ListItem","position":3,"name":"R\u00d6KTILLBEH\u00d6R","item":"https:\/\/www.swizzle.se\/produkt-kategori\/roktillbehor\/"},{"@type":"ListItem","position":4,"name":"VAPORIZER","item":"https:\/\/www.swizzle.se\/produkt-kategori\/roktillbehor\/vaporizer\/"},{"@type":"ListItem","position":5,"name":"XVAPE &#8211; XMAX V3 Pro Dry Herb Vaporizer &#8211; Blue"}]},{"@type":"WebSite","@id":"https:\/\/www.swizzle.se\/#website","url":"https:\/\/www.swizzle.se\/","name":"Swizzle","description":"Nicotine CBD Vapes Snus White Portion","publisher":{"@id":"https:\/\/www.swizzle.se\/#organization"},"potentialAction":[{"@type":"SearchAction","target":{"@type":"EntryPoint","urlTemplate":"https:\/\/www.swizzle.se\/?s={search_term_string}"},"query-input":{"@type":"PropertyValueSpecification","valueRequired":true,"valueName":"search_term_string"}}],"inLanguage":"en-GB"},{"@type":"Organization","@id":"https:\/\/www.swizzle.se\/#organization","name":"Swizzle","url":"https:\/\/www.swizzle.se\/","logo":{"@type":"ImageObject","inLanguage":"en-GB","@id":"https:\/\/www.swizzle.se\/#\/schema\/logo\/image\/","url":"https:\/\/www.swizzle.se\/wp-content\/uploads\/2025\/10\/cropped-SWIZZLE.-4.png","contentUrl":"https:\/\/www.swizzle.se\/wp-content\/uploads\/2025\/10\/cropped-SWIZZLE.-4.png","width":800,"height":267,"caption":"Swizzle"},"image":{"@id":"https:\/\/www.swizzle.se\/#\/schema\/logo\/image\/"},"hasMerchantReturnPolicy":{"@type":"MerchantReturnPolicy","merchantReturnLink":"https:\/\/www.swizzle.se\/en\/villkor\/"}}]},"product_price_amount":"1249.00","product_price_currency":"SEK","og_availability":"out of stock","product_availability":"out of stock","product_retailer_item_id":"64950-1","product_condition":"new"},"jetpack_sharing_enabled":true,"tiered_pricing_type":"fixed","tiered_pricing_fixed_rules":[],"tiered_pricing_product_settings":{"layout":"default","base_unit_name":{"singular":null,"plural":null},"default_variation":null},"tiered_pricing_minimum_quantity":null,"tiered_pricing_roles_data":[],"tiered_pricing_percentage_rules":[],"tiered_pricing_maximum_quantity":null,"tiered_pricing_quantity_step":null,"_links":{"self":[{"href":"https:\/\/www.swizzle.se\/en\/wp-json\/wp\/v2\/product\/297674","targetHints":{"allow":["GET"]}}],"collection":[{"href":"https:\/\/www.swizzle.se\/en\/wp-json\/wp\/v2\/product"}],"about":[{"href":"https:\/\/www.swizzle.se\/en\/wp-json\/wp\/v2\/types\/product"}],"replies":[{"embeddable":true,"href":"https:\/\/www.swizzle.se\/en\/wp-json\/wp\/v2\/comments?post=297674"}],"version-history":[{"count":0,"href":"https:\/\/www.swizzle.se\/en\/wp-json\/wp\/v2\/product\/297674\/revisions"}],"wp:featuredmedia":[{"embeddable":true,"href":"https:\/\/www.swizzle.se\/en\/wp-json\/wp\/v2\/media\/297679"}],"wp:attachment":[{"href":"https:\/\/www.swizzle.se\/en\/wp-json\/wp\/v2\/media?parent=297674"}],"wp:term":[{"taxonomy":"product_brand","embeddable":true,"href":"https:\/\/www.swizzle.se\/en\/wp-json\/wp\/v2\/product_brand?post=297674"},{"taxonomy":"product_cat","embeddable":true,"href":"https:\/\/www.swizzle.se\/en\/wp-json\/wp\/v2\/product_cat?post=297674"},{"taxonomy":"product_tag","embeddable":true,"href":"https:\/\/www.swizzle.se\/en\/wp-json\/wp\/v2\/product_tag?post=297674"}],"curies":[{"name":"wp","href":"https:\/\/api.w.org\/{rel}","templated":true}]}}