{"id":304648,"date":"2026-05-11T09:13:34","date_gmt":"2026-05-11T07:13:34","guid":{"rendered":"https:\/\/www.swizzle.se\/?post_type=product&#038;p=304648"},"modified":"2026-05-11T09:47:57","modified_gmt":"2026-05-11T07:47:57","slug":"magic-sauce-trim-50-superdeal","status":"publish","type":"product","link":"https:\/\/www.swizzle.se\/dk\/produkt\/magic-sauce-trim-50-superdeal\/","title":{"rendered":"Superdeal &#8211; Magic Sauce &#8211; Trim &#8211; 50% &#8211; 25g"},"content":{"rendered":"<p><strong>Superdeal &#8211; Magic Sauce &#8211; Trim &#8211; 50% &#8211; 25g<br \/>\n<\/strong><br \/>\nAromen \u00e4r \u00f6rtig, vegetabilisk, saknar subtilitet, den d\u00e4r r\u00e5a kvaliteten som p\u00e5minner dig om att det inte \u00e4r en premiumblomma. Smaken f\u00f6ljer samma m\u00f6nster: ingen komplex avslutning, inga lager av arom som utvecklas. Det \u00e4r inte vad den \u00e4r designad f\u00f6r. Vad den levererar \u00e4r enkelt: djup avslappning, en v\u00e4letablerad fysisk frig\u00f6relse. Effekterna kommer snabbt, tar f\u00e4ste och g\u00f6r exakt vad som f\u00f6rv\u00e4ntas. Det \u00e4r Trim: \u00e4rlig, kraftfull och uppriktigt sagt oslagbar n\u00e4r det g\u00e4ller valuta f\u00f6r pengarna, s\u00e4rskilt om du redan \u00e4r bekant med sortimentet.&#8221;<\/p>\n<p>Denna produkt s\u00e4ljs som prydnadsf\u00f6rem\u00e5l och ska enbart brukas som s\u00e5dan.<\/p>\n<p>\u00c5ldersgr\u00e4ns 18\u00e5r<\/p>","protected":false},"excerpt":{"rendered":"<p><strong>Superdeal &#8211; Magic Sauce &#8211; Trim &#8211; 50% &#8211; 25g<br \/>\n<\/strong><br \/>\nAromen \u00e4r \u00f6rtig, vegetabilisk, saknar subtilitet, den d\u00e4r r\u00e5a kvaliteten som p\u00e5minner dig om att det inte \u00e4r en premiumblomma. Smaken f\u00f6ljer samma m\u00f6nster: ingen komplex avslutning, inga lager av arom som utvecklas. Det \u00e4r inte vad den \u00e4r designad f\u00f6r. Vad den levererar \u00e4r enkelt: djup avslappning, en v\u00e4letablerad fysisk frig\u00f6relse. Effekterna kommer snabbt, tar f\u00e4ste och g\u00f6r exakt vad som f\u00f6rv\u00e4ntas. Det \u00e4r Trim: \u00e4rlig, kraftfull och uppriktigt sagt oslagbar n\u00e4r det g\u00e4ller valuta f\u00f6r pengarna, s\u00e4rskilt om du redan \u00e4r bekant med sortimentet.&#8221;<\/p>\n<p>Denna produkt s\u00e4ljs som prydnadsf\u00f6rem\u00e5l och ska enbart brukas som s\u00e5dan.<\/p>\n<p>\u00c5ldersgr\u00e4ns 18\u00e5r<\/p>","protected":false},"featured_media":304650,"comment_status":"closed","ping_status":"closed","template":"","meta":{"site-sidebar-layout":"default","site-content-layout":"","ast-site-content-layout":"default","site-content-style":"default","site-sidebar-style":"default","ast-global-header-display":"","ast-banner-title-visibility":"","ast-main-header-display":"","ast-hfb-above-header-display":"","ast-hfb-below-header-display":"","ast-hfb-mobile-header-display":"","site-post-title":"","ast-breadcrumbs-content":"","ast-featured-img":"","footer-sml-layout":"","ast-disable-related-posts":"","theme-transparent-header-meta":"default","adv-header-id-meta":"","stick-header-meta":"default","header-above-stick-meta":"","header-main-stick-meta":"","header-below-stick-meta":"","astra-migrate-meta-layouts":"set","ast-page-background-enabled":"default","ast-page-background-meta":{"desktop":{"background-color":"var(--ast-global-color-4)","background-image":"","background-repeat":"repeat","background-position":"center center","background-size":"auto","background-attachment":"scroll","background-type":"","background-media":"","overlay-type":"","overlay-color":"","overlay-opacity":"","overlay-gradient":""},"tablet":{"background-color":"","background-image":"","background-repeat":"repeat","background-position":"center center","background-size":"auto","background-attachment":"scroll","background-type":"","background-media":"","overlay-type":"","overlay-color":"","overlay-opacity":"","overlay-gradient":""},"mobile":{"background-color":"","background-image":"","background-repeat":"repeat","background-position":"center center","background-size":"auto","background-attachment":"scroll","background-type":"","background-media":"","overlay-type":"","overlay-color":"","overlay-opacity":"","overlay-gradient":""}},"ast-content-background-meta":{"desktop":{"background-color":"var(--ast-global-color-5)","background-image":"","background-repeat":"repeat","background-position":"center center","background-size":"auto","background-attachment":"scroll","background-type":"","background-media":"","overlay-type":"","overlay-color":"","overlay-opacity":"","overlay-gradient":""},"tablet":{"background-color":"var(--ast-global-color-5)","background-image":"","background-repeat":"repeat","background-position":"center center","background-size":"auto","background-attachment":"scroll","background-type":"","background-media":"","overlay-type":"","overlay-color":"","overlay-opacity":"","overlay-gradient":""},"mobile":{"background-color":"var(--ast-global-color-5)","background-image":"","background-repeat":"repeat","background-position":"center center","background-size":"auto","background-attachment":"scroll","background-type":"","background-media":"","overlay-type":"","overlay-color":"","overlay-opacity":"","overlay-gradient":""}}},"product_brand":[],"product_cat":[334,338,509,701,671],"product_tag":[],"superdeal":[],"product_variant_id":[],"class_list":{"0":"post-304648","1":"product","2":"type-product","3":"status-publish","4":"has-post-thumbnail","6":"product_cat-cannabinoider","7":"product_cat-deals","8":"product_cat-magic-sauce","9":"product_cat-magic-sauce-trim","10":"product_cat-superdeals","11":"desktop-align-center","12":"tablet-align-left","13":"mobile-align-left","14":"ast-product-gallery-layout-vertical-slider","15":"ast-product-gallery-with-no-image","16":"ast-magnify-disabled","17":"ast-product-tabs-layout-horizontal","19":"first","20":"instock","21":"sale","22":"taxable","23":"shipping-taxable","24":"purchasable","25":"product-type-simple"},"yoast_head":"<!-- This site is optimized with the Yoast SEO Premium plugin v27.5 (Yoast SEO v27.5) - https:\/\/yoast.com\/product\/yoast-seo-premium-wordpress\/ -->\n<title>Superdeal - Magic Sauce - Trim - 50% - 25g<\/title>\n<meta name=\"description\" content=\"Superdeal - Magic Sauce - Trim - 50% - 25g. Aromen \u00e4r \u00f6rtig, vegetabilisk, saknar subtilitet, N\u00e5gra kvar - passa p\u00e5 innan dessa tar slut.\" \/>\n<meta name=\"robots\" content=\"index, follow, max-snippet:-1, max-image-preview:large, max-video-preview:-1\" \/>\n<link rel=\"canonical\" href=\"https:\/\/www.swizzle.se\/dk\/product-2\/magic-sauce-trim-50-superdeal\/\" \/>\n<meta property=\"og:locale\" content=\"da_DK\" \/>\n<meta property=\"og:type\" content=\"article\" \/>\n<meta property=\"og:title\" content=\"Superdeal - Magic Sauce - Trim - 50% - 25g\" \/>\n<meta property=\"og:description\" content=\"Superdeal - Magic Sauce - Trim - 50% - 25g. Aromen \u00e4r \u00f6rtig, vegetabilisk, saknar subtilitet, N\u00e5gra kvar - passa p\u00e5 innan dessa tar slut.\" \/>\n<meta property=\"og:url\" content=\"https:\/\/www.swizzle.se\/dk\/product-2\/magic-sauce-trim-50-superdeal\/\" \/>\n<meta property=\"og:site_name\" content=\"Swizzle\" \/>\n<meta property=\"article:modified_time\" content=\"2026-05-11T07:47:57+00:00\" \/>\n<meta property=\"og:image\" content=\"https:\/\/www.swizzle.se\/wp-content\/uploads\/2026\/05\/Superdeal-Magic-Sauce-Trim-25g.jpg\" \/>\n\t<meta property=\"og:image:width\" content=\"600\" \/>\n\t<meta property=\"og:image:height\" content=\"600\" \/>\n\t<meta property=\"og:image:type\" content=\"image\/jpeg\" \/>\n<meta name=\"twitter:card\" content=\"summary_large_image\" \/>\n<meta name=\"twitter:label1\" content=\"Price\" \/>\n\t<meta name=\"twitter:data1\" content=\"699.00&nbsp;&#107;&#114;\" \/>\n\t<meta name=\"twitter:label2\" content=\"Availability\" \/>\n\t<meta name=\"twitter:data2\" content=\"In stock\" \/>\n<script type=\"application\/ld+json\" class=\"yoast-schema-graph\">{\"@context\":\"https:\\\/\\\/schema.org\",\"@graph\":[{\"@type\":\"WebPage\",\"@id\":\"https:\\\/\\\/www.swizzle.se\\\/produkt\\\/magic-sauce-trim-50-superdeal\\\/\",\"url\":\"https:\\\/\\\/www.swizzle.se\\\/produkt\\\/magic-sauce-trim-50-superdeal\\\/\",\"name\":\"Superdeal - Magic Sauce - Trim - 50% - 25g\",\"isPartOf\":{\"@id\":\"https:\\\/\\\/www.swizzle.se\\\/#website\"},\"primaryImageOfPage\":{\"@id\":\"https:\\\/\\\/www.swizzle.se\\\/produkt\\\/magic-sauce-trim-50-superdeal\\\/#primaryimage\"},\"image\":{\"@id\":\"https:\\\/\\\/www.swizzle.se\\\/produkt\\\/magic-sauce-trim-50-superdeal\\\/#primaryimage\"},\"thumbnailUrl\":\"https:\\\/\\\/www.swizzle.se\\\/wp-content\\\/uploads\\\/2026\\\/05\\\/Superdeal-Magic-Sauce-Trim-25g.jpg\",\"datePublished\":\"2026-05-11T07:13:34+00:00\",\"dateModified\":\"2026-05-11T07:47:57+00:00\",\"description\":\"Superdeal - Magic Sauce - Trim - 50% - 25g. Aromen \u00e4r \u00f6rtig, vegetabilisk, saknar subtilitet, N\u00e5gra kvar - passa p\u00e5 innan dessa tar slut.\",\"breadcrumb\":{\"@id\":\"https:\\\/\\\/www.swizzle.se\\\/produkt\\\/magic-sauce-trim-50-superdeal\\\/#breadcrumb\"},\"inLanguage\":\"da-DK\",\"potentialAction\":[{\"@type\":\"ReadAction\",\"target\":[\"https:\\\/\\\/www.swizzle.se\\\/produkt\\\/magic-sauce-trim-50-superdeal\\\/\"]}]},{\"@type\":\"ImageObject\",\"inLanguage\":\"da-DK\",\"@id\":\"https:\\\/\\\/www.swizzle.se\\\/produkt\\\/magic-sauce-trim-50-superdeal\\\/#primaryimage\",\"url\":\"https:\\\/\\\/www.swizzle.se\\\/wp-content\\\/uploads\\\/2026\\\/05\\\/Superdeal-Magic-Sauce-Trim-25g.jpg\",\"contentUrl\":\"https:\\\/\\\/www.swizzle.se\\\/wp-content\\\/uploads\\\/2026\\\/05\\\/Superdeal-Magic-Sauce-Trim-25g.jpg\",\"width\":600,\"height\":600,\"caption\":\"Superdeal Magic Sauce Trim - 25g\"},{\"@type\":\"BreadcrumbList\",\"@id\":\"https:\\\/\\\/www.swizzle.se\\\/produkt\\\/magic-sauce-trim-50-superdeal\\\/#breadcrumb\",\"itemListElement\":[{\"@type\":\"ListItem\",\"position\":1,\"name\":\"Home\",\"item\":\"https:\\\/\\\/www.swizzle.se\\\/\"},{\"@type\":\"ListItem\",\"position\":2,\"name\":\"Shop\",\"item\":\"https:\\\/\\\/www.swizzle.se\\\/shop\\\/\"},{\"@type\":\"ListItem\",\"position\":3,\"name\":\"CANNABINOIDER\",\"item\":\"https:\\\/\\\/www.swizzle.se\\\/produkt-kategori\\\/cannabinoider\\\/\"},{\"@type\":\"ListItem\",\"position\":4,\"name\":\"Magic Sauce\",\"item\":\"https:\\\/\\\/www.swizzle.se\\\/produkt-kategori\\\/cannabinoider\\\/magic-sauce\\\/\"},{\"@type\":\"ListItem\",\"position\":5,\"name\":\"Superdeal &#8211; Magic Sauce &#8211; Trim &#8211; 50% &#8211; 25g\"}]},{\"@type\":\"WebSite\",\"@id\":\"https:\\\/\\\/www.swizzle.se\\\/#website\",\"url\":\"https:\\\/\\\/www.swizzle.se\\\/\",\"name\":\"Swizzle.se\",\"description\":\"Nikotin CBD Vapes Snus White Portion\",\"publisher\":{\"@id\":\"https:\\\/\\\/www.swizzle.se\\\/#organization\"},\"alternateName\":\"Swizzle\",\"potentialAction\":[{\"@type\":\"SearchAction\",\"target\":{\"@type\":\"EntryPoint\",\"urlTemplate\":\"https:\\\/\\\/www.swizzle.se\\\/?s={search_term_string}\"},\"query-input\":{\"@type\":\"PropertyValueSpecification\",\"valueRequired\":true,\"valueName\":\"search_term_string\"}}],\"inLanguage\":\"da-DK\"},{\"@type\":\"Organization\",\"@id\":\"https:\\\/\\\/www.swizzle.se\\\/#organization\",\"name\":\"Swizzle.se\",\"alternateName\":\"Swizzle\",\"url\":\"https:\\\/\\\/www.swizzle.se\\\/\",\"logo\":{\"@type\":\"ImageObject\",\"inLanguage\":\"da-DK\",\"@id\":\"https:\\\/\\\/www.swizzle.se\\\/#\\\/schema\\\/logo\\\/image\\\/\",\"url\":\"https:\\\/\\\/www.swizzle.se\\\/wp-content\\\/uploads\\\/2025\\\/10\\\/cropped-SWIZZLE.-4.png\",\"contentUrl\":\"https:\\\/\\\/www.swizzle.se\\\/wp-content\\\/uploads\\\/2025\\\/10\\\/cropped-SWIZZLE.-4.png\",\"width\":800,\"height\":267,\"caption\":\"Swizzle.se\"},\"image\":{\"@id\":\"https:\\\/\\\/www.swizzle.se\\\/#\\\/schema\\\/logo\\\/image\\\/\"},\"hasMerchantReturnPolicy\":{\"@type\":\"MerchantReturnPolicy\",\"merchantReturnLink\":\"https:\\\/\\\/www.swizzle.se\\\/dk\\\/villkor\\\/\"}}]}<\/script>\n<meta property=\"product:price:amount\" content=\"699.00\" \/>\n<meta property=\"product:price:currency\" content=\"SEK\" \/>\n<meta property=\"og:availability\" content=\"instock\" \/>\n<meta property=\"product:availability\" content=\"instock\" \/>\n<meta property=\"product:retailer_item_id\" content=\"MSTrim-superdeal\" \/>\n<meta property=\"product:condition\" content=\"new\" \/>\n<!-- \/ Yoast SEO Premium plugin. -->","yoast_head_json":{"title":"Superdeal - Magic Sauce - Trim - 50% - 25g","description":"Superdeal - Magic Sauce - Trim - 50% - 25g. Aromen \u00e4r \u00f6rtig, vegetabilisk, saknar subtilitet, N\u00e5gra kvar - passa p\u00e5 innan dessa tar slut.","robots":{"index":"index","follow":"follow","max-snippet":"max-snippet:-1","max-image-preview":"max-image-preview:large","max-video-preview":"max-video-preview:-1"},"canonical":"https:\/\/www.swizzle.se\/dk\/product-2\/magic-sauce-trim-50-superdeal\/","og_locale":"da_DK","og_type":"article","og_title":"Superdeal - Magic Sauce - Trim - 50% - 25g","og_description":"Superdeal - Magic Sauce - Trim - 50% - 25g. Aromen \u00e4r \u00f6rtig, vegetabilisk, saknar subtilitet, N\u00e5gra kvar - passa p\u00e5 innan dessa tar slut.","og_url":"https:\/\/www.swizzle.se\/dk\/product-2\/magic-sauce-trim-50-superdeal\/","og_site_name":"Swizzle","article_modified_time":"2026-05-11T07:47:57+00:00","og_image":[{"width":600,"height":600,"url":"https:\/\/www.swizzle.se\/wp-content\/uploads\/2026\/05\/Superdeal-Magic-Sauce-Trim-25g.jpg","type":"image\/jpeg"}],"twitter_card":"summary_large_image","twitter_misc":{"Price":"699.00&nbsp;&#107;&#114;","Availability":"In stock"},"schema":{"@context":"https:\/\/schema.org","@graph":[{"@type":"WebPage","@id":"https:\/\/www.swizzle.se\/produkt\/magic-sauce-trim-50-superdeal\/","url":"https:\/\/www.swizzle.se\/produkt\/magic-sauce-trim-50-superdeal\/","name":"Superdeal - Magic Sauce - Trim - 50% - 25g","isPartOf":{"@id":"https:\/\/www.swizzle.se\/#website"},"primaryImageOfPage":{"@id":"https:\/\/www.swizzle.se\/produkt\/magic-sauce-trim-50-superdeal\/#primaryimage"},"image":{"@id":"https:\/\/www.swizzle.se\/produkt\/magic-sauce-trim-50-superdeal\/#primaryimage"},"thumbnailUrl":"https:\/\/www.swizzle.se\/wp-content\/uploads\/2026\/05\/Superdeal-Magic-Sauce-Trim-25g.jpg","datePublished":"2026-05-11T07:13:34+00:00","dateModified":"2026-05-11T07:47:57+00:00","description":"Superdeal - Magic Sauce - Trim - 50% - 25g. Aromen \u00e4r \u00f6rtig, vegetabilisk, saknar subtilitet, N\u00e5gra kvar - passa p\u00e5 innan dessa tar slut.","breadcrumb":{"@id":"https:\/\/www.swizzle.se\/produkt\/magic-sauce-trim-50-superdeal\/#breadcrumb"},"inLanguage":"da-DK","potentialAction":[{"@type":"ReadAction","target":["https:\/\/www.swizzle.se\/produkt\/magic-sauce-trim-50-superdeal\/"]}]},{"@type":"ImageObject","inLanguage":"da-DK","@id":"https:\/\/www.swizzle.se\/produkt\/magic-sauce-trim-50-superdeal\/#primaryimage","url":"https:\/\/www.swizzle.se\/wp-content\/uploads\/2026\/05\/Superdeal-Magic-Sauce-Trim-25g.jpg","contentUrl":"https:\/\/www.swizzle.se\/wp-content\/uploads\/2026\/05\/Superdeal-Magic-Sauce-Trim-25g.jpg","width":600,"height":600,"caption":"Superdeal Magic Sauce Trim - 25g"},{"@type":"BreadcrumbList","@id":"https:\/\/www.swizzle.se\/produkt\/magic-sauce-trim-50-superdeal\/#breadcrumb","itemListElement":[{"@type":"ListItem","position":1,"name":"Home","item":"https:\/\/www.swizzle.se\/"},{"@type":"ListItem","position":2,"name":"Shop","item":"https:\/\/www.swizzle.se\/shop\/"},{"@type":"ListItem","position":3,"name":"CANNABINOIDER","item":"https:\/\/www.swizzle.se\/produkt-kategori\/cannabinoider\/"},{"@type":"ListItem","position":4,"name":"Magic Sauce","item":"https:\/\/www.swizzle.se\/produkt-kategori\/cannabinoider\/magic-sauce\/"},{"@type":"ListItem","position":5,"name":"Superdeal &#8211; Magic Sauce &#8211; Trim &#8211; 50% &#8211; 25g"}]},{"@type":"WebSite","@id":"https:\/\/www.swizzle.se\/#website","url":"https:\/\/www.swizzle.se\/","name":"Swizzle.se","description":"Nikotin CBD Vapes Snus Hvid Portion","publisher":{"@id":"https:\/\/www.swizzle.se\/#organization"},"alternateName":"Swizzle","potentialAction":[{"@type":"SearchAction","target":{"@type":"EntryPoint","urlTemplate":"https:\/\/www.swizzle.se\/?s={search_term_string}"},"query-input":{"@type":"PropertyValueSpecification","valueRequired":true,"valueName":"search_term_string"}}],"inLanguage":"da-DK"},{"@type":"Organization","@id":"https:\/\/www.swizzle.se\/#organization","name":"Swizzle.se","alternateName":"Swizzle","url":"https:\/\/www.swizzle.se\/","logo":{"@type":"ImageObject","inLanguage":"da-DK","@id":"https:\/\/www.swizzle.se\/#\/schema\/logo\/image\/","url":"https:\/\/www.swizzle.se\/wp-content\/uploads\/2025\/10\/cropped-SWIZZLE.-4.png","contentUrl":"https:\/\/www.swizzle.se\/wp-content\/uploads\/2025\/10\/cropped-SWIZZLE.-4.png","width":800,"height":267,"caption":"Swizzle.se"},"image":{"@id":"https:\/\/www.swizzle.se\/#\/schema\/logo\/image\/"},"hasMerchantReturnPolicy":{"@type":"MerchantReturnPolicy","merchantReturnLink":"https:\/\/www.swizzle.se\/dk\/villkor\/"}}]},"product_price_amount":"699.00","product_price_currency":"SEK","og_availability":"instock","product_availability":"instock","product_retailer_item_id":"MSTrim-superdeal","product_condition":"new"},"jetpack_sharing_enabled":true,"tiered_pricing_type":"fixed","tiered_pricing_fixed_rules":[],"tiered_pricing_product_settings":{"layout":"default","base_unit_name":{"singular":null,"plural":null},"default_variation":null},"tiered_pricing_minimum_quantity":null,"tiered_pricing_roles_data":[],"tiered_pricing_percentage_rules":[],"tiered_pricing_maximum_quantity":null,"tiered_pricing_quantity_step":null,"_links":{"self":[{"href":"https:\/\/www.swizzle.se\/dk\/wp-json\/wp\/v2\/product\/304648","targetHints":{"allow":["GET"]}}],"collection":[{"href":"https:\/\/www.swizzle.se\/dk\/wp-json\/wp\/v2\/product"}],"about":[{"href":"https:\/\/www.swizzle.se\/dk\/wp-json\/wp\/v2\/types\/product"}],"replies":[{"embeddable":true,"href":"https:\/\/www.swizzle.se\/dk\/wp-json\/wp\/v2\/comments?post=304648"}],"version-history":[{"count":0,"href":"https:\/\/www.swizzle.se\/dk\/wp-json\/wp\/v2\/product\/304648\/revisions"}],"wp:featuredmedia":[{"embeddable":true,"href":"https:\/\/www.swizzle.se\/dk\/wp-json\/wp\/v2\/media\/304650"}],"wp:attachment":[{"href":"https:\/\/www.swizzle.se\/dk\/wp-json\/wp\/v2\/media?parent=304648"}],"wp:term":[{"taxonomy":"product_brand","embeddable":true,"href":"https:\/\/www.swizzle.se\/dk\/wp-json\/wp\/v2\/product_brand?post=304648"},{"taxonomy":"product_cat","embeddable":true,"href":"https:\/\/www.swizzle.se\/dk\/wp-json\/wp\/v2\/product_cat?post=304648"},{"taxonomy":"product_tag","embeddable":true,"href":"https:\/\/www.swizzle.se\/dk\/wp-json\/wp\/v2\/product_tag?post=304648"},{"taxonomy":"superdeal","embeddable":true,"href":"https:\/\/www.swizzle.se\/dk\/wp-json\/wp\/v2\/superdeal?post=304648"},{"taxonomy":"product_variant_id","embeddable":true,"href":"https:\/\/www.swizzle.se\/dk\/wp-json\/wp\/v2\/product_variant_id?post=304648"}],"curies":[{"name":"wp","href":"https:\/\/api.w.org\/{rel}","templated":true}]}}