{"id":303114,"date":"2026-04-23T12:09:04","date_gmt":"2026-04-23T10:09:04","guid":{"rendered":"https:\/\/www.swizzle.se\/?post_type=product&#038;p=303114"},"modified":"2026-05-13T12:50:30","modified_gmt":"2026-05-13T10:50:30","slug":"superdeal-manali-cream-40-thca-hash-25g","status":"publish","type":"product","link":"https:\/\/www.swizzle.se\/dk\/produkt\/superdeal-manali-cream-40-thca-hash-25g\/","title":{"rendered":"SUPERDEAL &#8211; Manali Cream 40% THCA Hash &#8211; 25g"},"content":{"rendered":"<h1>SUPERDEAL &#8211; Manali Cream 40% THCA Hash &#8211; 25g<\/h1>\n<p>Manali Cream hash uppvisar en t\u00e4t, traditionellt pressad konsistens med medelmjukhet och en fast yta.<\/p>\n<p>Angivna THCA-niv\u00e5er \u00e4r baserade p\u00e5 m\u00e5linfusionsprocenten.<\/p>\n<p>Denna produkt har infunderats med 400 gram THCA-isolat per kg komplett produkt.<\/p>\n<p>Faktiska testade niv\u00e5er kan d\u00e4rf\u00f6r variera fr\u00e5n den m\u00e5linriktade m\u00e4ngden THCA.<\/p>\n<p>F\u00f6rvaring:<\/p>\n<ul>\n<li>Alla THCA-produkter m\u00e5ste f\u00f6rvaras svalt och m\u00f6rkt vid temperaturer under 5\u00b0C.<\/li>\n<li>Torrt<\/li>\n<li>Luftt\u00e4t och helst vacuum.<\/li>\n<li>THC-fri<\/li>\n<\/ul>\n<p>Se ogs\u00e5 her:\u00a0<a href=\"https:\/\/www.swizzle.se\/dk\/product-2\/bubble-hash-50-thca\/\">Bubble Hash 50% THCA<\/a><\/p>\n<p><strong>Bem\u00e6rk!<\/strong><br \/>\nDu skal v\u00e6re mindst 18 \u00e5r gammel for at k\u00f8be dette produkt. Det er ikke beregnet som medicin, kosttilskud eller naturprodukt. Vi opfordrer ikke til at indtage eller ryge dette produkt. Opbevar det utilg\u00e6ngeligt for b\u00f8rn Vi fraskriver os ethvert ansvar for, hvordan du som kunde bruger vores produkter. Vi s\u00e6lger dem til indsamlings- og prydform\u00e5l.<\/p>","protected":false},"excerpt":{"rendered":"<p><strong>SUPERDEAL &#8211; Manali Cream 40% THCA Hash &#8211; 25g<\/strong><\/p>\n<p>Manali Cream hash uppvisar en t\u00e4t, traditionellt pressad konsistens med medelmjukhet och en fast yta.<\/p>\n<p>&nbsp;<\/p>\n<ul>\n<li>Alla THCA-produkter m\u00e5ste f\u00f6rvaras svalt och m\u00f6rkt vid temperaturer under 5\u00b0C.<\/li>\n<li>Torrt<\/li>\n<li>Luftt\u00e4t och helst vacuum.<\/li>\n<li>THC-fri<\/li>\n<\/ul>\n<p>Dette produkt har en mindsteprisgaranti, l\u00e6s mere om, hvad det betyder.<a href=\"https:\/\/www.swizzle.se\/dk\/lagsta-pris-garanti\/\"><b> her<\/b><\/a>.<\/p>","protected":false},"featured_media":304645,"comment_status":"open","ping_status":"closed","template":"","meta":{"site-sidebar-layout":"default","site-content-layout":"","ast-site-content-layout":"default","site-content-style":"default","site-sidebar-style":"default","ast-global-header-display":"","ast-banner-title-visibility":"","ast-main-header-display":"","ast-hfb-above-header-display":"","ast-hfb-below-header-display":"","ast-hfb-mobile-header-display":"","site-post-title":"","ast-breadcrumbs-content":"","ast-featured-img":"","footer-sml-layout":"","ast-disable-related-posts":"","theme-transparent-header-meta":"default","adv-header-id-meta":"","stick-header-meta":"default","header-above-stick-meta":"","header-main-stick-meta":"","header-below-stick-meta":"","astra-migrate-meta-layouts":"set","ast-page-background-enabled":"default","ast-page-background-meta":{"desktop":{"background-color":"var(--ast-global-color-4)","background-image":"","background-repeat":"repeat","background-position":"center center","background-size":"auto","background-attachment":"scroll","background-type":"","background-media":"","overlay-type":"","overlay-color":"","overlay-opacity":"","overlay-gradient":""},"tablet":{"background-color":"","background-image":"","background-repeat":"repeat","background-position":"center center","background-size":"auto","background-attachment":"scroll","background-type":"","background-media":"","overlay-type":"","overlay-color":"","overlay-opacity":"","overlay-gradient":""},"mobile":{"background-color":"","background-image":"","background-repeat":"repeat","background-position":"center center","background-size":"auto","background-attachment":"scroll","background-type":"","background-media":"","overlay-type":"","overlay-color":"","overlay-opacity":"","overlay-gradient":""}},"ast-content-background-meta":{"desktop":{"background-color":"var(--ast-global-color-5)","background-image":"","background-repeat":"repeat","background-position":"center center","background-size":"auto","background-attachment":"scroll","background-type":"","background-media":"","overlay-type":"","overlay-color":"","overlay-opacity":"","overlay-gradient":""},"tablet":{"background-color":"var(--ast-global-color-5)","background-image":"","background-repeat":"repeat","background-position":"center center","background-size":"auto","background-attachment":"scroll","background-type":"","background-media":"","overlay-type":"","overlay-color":"","overlay-opacity":"","overlay-gradient":""},"mobile":{"background-color":"var(--ast-global-color-5)","background-image":"","background-repeat":"repeat","background-position":"center center","background-size":"auto","background-attachment":"scroll","background-type":"","background-media":"","overlay-type":"","overlay-color":"","overlay-opacity":"","overlay-gradient":""}}},"product_brand":[],"product_cat":[338,671,303,325],"product_tag":[],"superdeal":[],"product_variant_id":[],"class_list":{"0":"post-303114","1":"product","2":"type-product","3":"status-publish","4":"has-post-thumbnail","6":"product_cat-deals","7":"product_cat-superdeals","8":"product_cat-thca","9":"product_cat-thca-hash","10":"desktop-align-center","11":"tablet-align-left","12":"mobile-align-left","13":"ast-product-gallery-layout-vertical-slider","14":"ast-magnify-disabled","15":"ast-product-tabs-layout-horizontal","17":"first","18":"instock","19":"taxable","20":"shipping-taxable","21":"purchasable","22":"product-type-simple"},"yoast_head":"<!-- This site is optimized with the Yoast SEO Premium plugin v27.5 (Yoast SEO v27.6) - https:\/\/yoast.com\/product\/yoast-seo-premium-wordpress\/ -->\n<title>SUPERDEAL - Manali Cream 40% THCA Hash - 25g<\/title>\n<meta name=\"description\" content=\"SUPERDEAL - Manali Cream 40% THCA Hash - 25g. Passa p\u00e5 att k\u00f6pa innan dessa tar slut. H\u00f6gkvalitets THCA hash fr\u00e5n Danmark.\" \/>\n<meta name=\"robots\" content=\"index, follow, max-snippet:-1, max-image-preview:large, max-video-preview:-1\" \/>\n<link rel=\"canonical\" href=\"https:\/\/www.swizzle.se\/dk\/product-2\/superdeal-manali-cream-40-thca-hash-25g\/\" \/>\n<meta property=\"og:locale\" content=\"da_DK\" \/>\n<meta property=\"og:type\" content=\"article\" \/>\n<meta property=\"og:title\" content=\"SUPERDEAL - Manali Cream 40% THCA Hash - 25g\" \/>\n<meta property=\"og:description\" content=\"SUPERDEAL - Manali Cream 40% THCA Hash - 25g. Passa p\u00e5 att k\u00f6pa innan dessa tar slut. H\u00f6gkvalitets THCA hash fr\u00e5n Danmark.\" \/>\n<meta property=\"og:url\" content=\"https:\/\/www.swizzle.se\/dk\/product-2\/superdeal-manali-cream-40-thca-hash-25g\/\" \/>\n<meta property=\"og:site_name\" content=\"Swizzle\" \/>\n<meta property=\"article:modified_time\" content=\"2026-05-13T10:50:30+00:00\" \/>\n<meta property=\"og:image\" content=\"https:\/\/www.swizzle.se\/wp-content\/uploads\/2026\/04\/Manali-Cream-10-Superdeal-1.jpg\" \/>\n\t<meta property=\"og:image:width\" content=\"600\" \/>\n\t<meta property=\"og:image:height\" content=\"600\" \/>\n\t<meta property=\"og:image:type\" content=\"image\/jpeg\" \/>\n<meta name=\"twitter:card\" content=\"summary_large_image\" \/>\n<meta name=\"twitter:label1\" content=\"Price\" \/>\n\t<meta name=\"twitter:data1\" content=\"899.00&nbsp;&#107;&#114;\" \/>\n\t<meta name=\"twitter:label2\" content=\"Availability\" \/>\n\t<meta name=\"twitter:data2\" content=\"In stock\" \/>\n<script type=\"application\/ld+json\" class=\"yoast-schema-graph\">{\"@context\":\"https:\\\/\\\/schema.org\",\"@graph\":[{\"@type\":\"WebPage\",\"@id\":\"https:\\\/\\\/www.swizzle.se\\\/produkt\\\/superdeal-manali-cream-40-thca-hash-25g\\\/\",\"url\":\"https:\\\/\\\/www.swizzle.se\\\/produkt\\\/superdeal-manali-cream-40-thca-hash-25g\\\/\",\"name\":\"SUPERDEAL - Manali Cream 40% THCA Hash - 25g\",\"isPartOf\":{\"@id\":\"https:\\\/\\\/www.swizzle.se\\\/#website\"},\"primaryImageOfPage\":{\"@id\":\"https:\\\/\\\/www.swizzle.se\\\/produkt\\\/superdeal-manali-cream-40-thca-hash-25g\\\/#primaryimage\"},\"image\":{\"@id\":\"https:\\\/\\\/www.swizzle.se\\\/produkt\\\/superdeal-manali-cream-40-thca-hash-25g\\\/#primaryimage\"},\"thumbnailUrl\":\"https:\\\/\\\/www.swizzle.se\\\/wp-content\\\/uploads\\\/2026\\\/04\\\/Manali-Cream-10-Superdeal-1.jpg\",\"datePublished\":\"2026-04-23T10:09:04+00:00\",\"dateModified\":\"2026-05-13T10:50:30+00:00\",\"description\":\"SUPERDEAL - Manali Cream 40% THCA Hash - 25g. Passa p\u00e5 att k\u00f6pa innan dessa tar slut. H\u00f6gkvalitets THCA hash fr\u00e5n Danmark.\",\"breadcrumb\":{\"@id\":\"https:\\\/\\\/www.swizzle.se\\\/produkt\\\/superdeal-manali-cream-40-thca-hash-25g\\\/#breadcrumb\"},\"inLanguage\":\"da-DK\",\"potentialAction\":[{\"@type\":\"ReadAction\",\"target\":[\"https:\\\/\\\/www.swizzle.se\\\/produkt\\\/superdeal-manali-cream-40-thca-hash-25g\\\/\"]}]},{\"@type\":\"ImageObject\",\"inLanguage\":\"da-DK\",\"@id\":\"https:\\\/\\\/www.swizzle.se\\\/produkt\\\/superdeal-manali-cream-40-thca-hash-25g\\\/#primaryimage\",\"url\":\"https:\\\/\\\/www.swizzle.se\\\/wp-content\\\/uploads\\\/2026\\\/04\\\/Manali-Cream-10-Superdeal-1.jpg\",\"contentUrl\":\"https:\\\/\\\/www.swizzle.se\\\/wp-content\\\/uploads\\\/2026\\\/04\\\/Manali-Cream-10-Superdeal-1.jpg\",\"width\":600,\"height\":600,\"caption\":\"Manali Cream THCA Hash 40%\"},{\"@type\":\"BreadcrumbList\",\"@id\":\"https:\\\/\\\/www.swizzle.se\\\/produkt\\\/superdeal-manali-cream-40-thca-hash-25g\\\/#breadcrumb\",\"itemListElement\":[{\"@type\":\"ListItem\",\"position\":1,\"name\":\"Home\",\"item\":\"https:\\\/\\\/www.swizzle.se\\\/\"},{\"@type\":\"ListItem\",\"position\":2,\"name\":\"Shop\",\"item\":\"https:\\\/\\\/www.swizzle.se\\\/shop\\\/\"},{\"@type\":\"ListItem\",\"position\":3,\"name\":\"SUPERDEALS\",\"item\":\"https:\\\/\\\/www.swizzle.se\\\/produkt-kategori\\\/superdeals\\\/\"},{\"@type\":\"ListItem\",\"position\":4,\"name\":\"SUPERDEAL &#8211; Manali Cream 40% THCA Hash &#8211; 25g\"}]},{\"@type\":\"WebSite\",\"@id\":\"https:\\\/\\\/www.swizzle.se\\\/#website\",\"url\":\"https:\\\/\\\/www.swizzle.se\\\/\",\"name\":\"Swizzle.se\",\"description\":\"Nikotin CBD Vapes Snus White Portion\",\"publisher\":{\"@id\":\"https:\\\/\\\/www.swizzle.se\\\/#organization\"},\"alternateName\":\"Swizzle\",\"potentialAction\":[{\"@type\":\"SearchAction\",\"target\":{\"@type\":\"EntryPoint\",\"urlTemplate\":\"https:\\\/\\\/www.swizzle.se\\\/?s={search_term_string}\"},\"query-input\":{\"@type\":\"PropertyValueSpecification\",\"valueRequired\":true,\"valueName\":\"search_term_string\"}}],\"inLanguage\":\"da-DK\"},{\"@type\":\"Organization\",\"@id\":\"https:\\\/\\\/www.swizzle.se\\\/#organization\",\"name\":\"Swizzle.se\",\"alternateName\":\"Swizzle\",\"url\":\"https:\\\/\\\/www.swizzle.se\\\/\",\"logo\":{\"@type\":\"ImageObject\",\"inLanguage\":\"da-DK\",\"@id\":\"https:\\\/\\\/www.swizzle.se\\\/#\\\/schema\\\/logo\\\/image\\\/\",\"url\":\"https:\\\/\\\/www.swizzle.se\\\/wp-content\\\/uploads\\\/2025\\\/10\\\/cropped-SWIZZLE.-4.png\",\"contentUrl\":\"https:\\\/\\\/www.swizzle.se\\\/wp-content\\\/uploads\\\/2025\\\/10\\\/cropped-SWIZZLE.-4.png\",\"width\":800,\"height\":267,\"caption\":\"Swizzle.se\"},\"image\":{\"@id\":\"https:\\\/\\\/www.swizzle.se\\\/#\\\/schema\\\/logo\\\/image\\\/\"},\"hasMerchantReturnPolicy\":{\"@type\":\"MerchantReturnPolicy\",\"merchantReturnLink\":\"https:\\\/\\\/www.swizzle.se\\\/dk\\\/villkor\\\/\"}}]}<\/script>\n<meta property=\"product:price:amount\" content=\"899.00\" \/>\n<meta property=\"product:price:currency\" content=\"SEK\" \/>\n<meta property=\"og:availability\" content=\"instock\" \/>\n<meta property=\"product:availability\" content=\"instock\" \/>\n<meta property=\"product:retailer_item_id\" content=\"superdealManaliHash\" \/>\n<meta property=\"product:condition\" content=\"new\" \/>\n<!-- \/ Yoast SEO Premium plugin. -->","yoast_head_json":{"title":"SUPERDEAL - Manali Cream 40% THCA Hash - 25g","description":"SUPERDEAL - Manali Cream 40% THCA Hash - 25g. Passa p\u00e5 att k\u00f6pa innan dessa tar slut. H\u00f6gkvalitets THCA hash fr\u00e5n Danmark.","robots":{"index":"index","follow":"follow","max-snippet":"max-snippet:-1","max-image-preview":"max-image-preview:large","max-video-preview":"max-video-preview:-1"},"canonical":"https:\/\/www.swizzle.se\/dk\/product-2\/superdeal-manali-cream-40-thca-hash-25g\/","og_locale":"da_DK","og_type":"article","og_title":"SUPERDEAL - Manali Cream 40% THCA Hash - 25g","og_description":"SUPERDEAL - Manali Cream 40% THCA Hash - 25g. Passa p\u00e5 att k\u00f6pa innan dessa tar slut. H\u00f6gkvalitets THCA hash fr\u00e5n Danmark.","og_url":"https:\/\/www.swizzle.se\/dk\/product-2\/superdeal-manali-cream-40-thca-hash-25g\/","og_site_name":"Swizzle","article_modified_time":"2026-05-13T10:50:30+00:00","og_image":[{"width":600,"height":600,"url":"https:\/\/www.swizzle.se\/wp-content\/uploads\/2026\/04\/Manali-Cream-10-Superdeal-1.jpg","type":"image\/jpeg"}],"twitter_card":"summary_large_image","twitter_misc":{"Price":"899.00&nbsp;&#107;&#114;","Availability":"In stock"},"schema":{"@context":"https:\/\/schema.org","@graph":[{"@type":"WebPage","@id":"https:\/\/www.swizzle.se\/produkt\/superdeal-manali-cream-40-thca-hash-25g\/","url":"https:\/\/www.swizzle.se\/produkt\/superdeal-manali-cream-40-thca-hash-25g\/","name":"SUPERDEAL - Manali Cream 40% THCA Hash - 25g","isPartOf":{"@id":"https:\/\/www.swizzle.se\/#website"},"primaryImageOfPage":{"@id":"https:\/\/www.swizzle.se\/produkt\/superdeal-manali-cream-40-thca-hash-25g\/#primaryimage"},"image":{"@id":"https:\/\/www.swizzle.se\/produkt\/superdeal-manali-cream-40-thca-hash-25g\/#primaryimage"},"thumbnailUrl":"https:\/\/www.swizzle.se\/wp-content\/uploads\/2026\/04\/Manali-Cream-10-Superdeal-1.jpg","datePublished":"2026-04-23T10:09:04+00:00","dateModified":"2026-05-13T10:50:30+00:00","description":"SUPERDEAL - Manali Cream 40% THCA Hash - 25g. Passa p\u00e5 att k\u00f6pa innan dessa tar slut. H\u00f6gkvalitets THCA hash fr\u00e5n Danmark.","breadcrumb":{"@id":"https:\/\/www.swizzle.se\/produkt\/superdeal-manali-cream-40-thca-hash-25g\/#breadcrumb"},"inLanguage":"da-DK","potentialAction":[{"@type":"ReadAction","target":["https:\/\/www.swizzle.se\/produkt\/superdeal-manali-cream-40-thca-hash-25g\/"]}]},{"@type":"ImageObject","inLanguage":"da-DK","@id":"https:\/\/www.swizzle.se\/produkt\/superdeal-manali-cream-40-thca-hash-25g\/#primaryimage","url":"https:\/\/www.swizzle.se\/wp-content\/uploads\/2026\/04\/Manali-Cream-10-Superdeal-1.jpg","contentUrl":"https:\/\/www.swizzle.se\/wp-content\/uploads\/2026\/04\/Manali-Cream-10-Superdeal-1.jpg","width":600,"height":600,"caption":"Manali Cream THCA Hash 40%"},{"@type":"BreadcrumbList","@id":"https:\/\/www.swizzle.se\/produkt\/superdeal-manali-cream-40-thca-hash-25g\/#breadcrumb","itemListElement":[{"@type":"ListItem","position":1,"name":"Home","item":"https:\/\/www.swizzle.se\/"},{"@type":"ListItem","position":2,"name":"Shop","item":"https:\/\/www.swizzle.se\/shop\/"},{"@type":"ListItem","position":3,"name":"SUPERDEALS","item":"https:\/\/www.swizzle.se\/produkt-kategori\/superdeals\/"},{"@type":"ListItem","position":4,"name":"SUPERDEAL &#8211; Manali Cream 40% THCA Hash &#8211; 25g"}]},{"@type":"WebSite","@id":"https:\/\/www.swizzle.se\/#website","url":"https:\/\/www.swizzle.se\/","name":"Swizzle.se","description":"Nikotin CBD Vapes Snus Hvid Portion","publisher":{"@id":"https:\/\/www.swizzle.se\/#organization"},"alternateName":"Swizzle","potentialAction":[{"@type":"SearchAction","target":{"@type":"EntryPoint","urlTemplate":"https:\/\/www.swizzle.se\/?s={search_term_string}"},"query-input":{"@type":"PropertyValueSpecification","valueRequired":true,"valueName":"search_term_string"}}],"inLanguage":"da-DK"},{"@type":"Organization","@id":"https:\/\/www.swizzle.se\/#organization","name":"Swizzle.se","alternateName":"Swizzle","url":"https:\/\/www.swizzle.se\/","logo":{"@type":"ImageObject","inLanguage":"da-DK","@id":"https:\/\/www.swizzle.se\/#\/schema\/logo\/image\/","url":"https:\/\/www.swizzle.se\/wp-content\/uploads\/2025\/10\/cropped-SWIZZLE.-4.png","contentUrl":"https:\/\/www.swizzle.se\/wp-content\/uploads\/2025\/10\/cropped-SWIZZLE.-4.png","width":800,"height":267,"caption":"Swizzle.se"},"image":{"@id":"https:\/\/www.swizzle.se\/#\/schema\/logo\/image\/"},"hasMerchantReturnPolicy":{"@type":"MerchantReturnPolicy","merchantReturnLink":"https:\/\/www.swizzle.se\/dk\/villkor\/"}}]},"product_price_amount":"899.00","product_price_currency":"SEK","og_availability":"instock","product_availability":"instock","product_retailer_item_id":"superdealManaliHash","product_condition":"new"},"jetpack_sharing_enabled":true,"tiered_pricing_type":"fixed","tiered_pricing_fixed_rules":[],"tiered_pricing_product_settings":{"layout":"default","base_unit_name":{"singular":null,"plural":null},"default_variation":null},"tiered_pricing_minimum_quantity":null,"tiered_pricing_roles_data":[],"tiered_pricing_percentage_rules":[],"tiered_pricing_maximum_quantity":null,"tiered_pricing_quantity_step":null,"_links":{"self":[{"href":"https:\/\/www.swizzle.se\/dk\/wp-json\/wp\/v2\/product\/303114","targetHints":{"allow":["GET"]}}],"collection":[{"href":"https:\/\/www.swizzle.se\/dk\/wp-json\/wp\/v2\/product"}],"about":[{"href":"https:\/\/www.swizzle.se\/dk\/wp-json\/wp\/v2\/types\/product"}],"replies":[{"embeddable":true,"href":"https:\/\/www.swizzle.se\/dk\/wp-json\/wp\/v2\/comments?post=303114"}],"version-history":[{"count":0,"href":"https:\/\/www.swizzle.se\/dk\/wp-json\/wp\/v2\/product\/303114\/revisions"}],"wp:featuredmedia":[{"embeddable":true,"href":"https:\/\/www.swizzle.se\/dk\/wp-json\/wp\/v2\/media\/304645"}],"wp:attachment":[{"href":"https:\/\/www.swizzle.se\/dk\/wp-json\/wp\/v2\/media?parent=303114"}],"wp:term":[{"taxonomy":"product_brand","embeddable":true,"href":"https:\/\/www.swizzle.se\/dk\/wp-json\/wp\/v2\/product_brand?post=303114"},{"taxonomy":"product_cat","embeddable":true,"href":"https:\/\/www.swizzle.se\/dk\/wp-json\/wp\/v2\/product_cat?post=303114"},{"taxonomy":"product_tag","embeddable":true,"href":"https:\/\/www.swizzle.se\/dk\/wp-json\/wp\/v2\/product_tag?post=303114"},{"taxonomy":"superdeal","embeddable":true,"href":"https:\/\/www.swizzle.se\/dk\/wp-json\/wp\/v2\/superdeal?post=303114"},{"taxonomy":"product_variant_id","embeddable":true,"href":"https:\/\/www.swizzle.se\/dk\/wp-json\/wp\/v2\/product_variant_id?post=303114"}],"curies":[{"name":"wp","href":"https:\/\/api.w.org\/{rel}","templated":true}]}}