{"id":298128,"date":"2026-02-25T13:16:44","date_gmt":"2026-02-25T12:16:44","guid":{"rendered":"https:\/\/www.swizzle.se\/?post_type=product&#038;p=298128"},"modified":"2026-03-04T14:05:45","modified_gmt":"2026-03-04T13:05:45","slug":"happy-caps-recoup-e-4-kapslar","status":"publish","type":"product","link":"https:\/\/www.swizzle.se\/dk\/produkt\/happy-caps-recoup-e-4-kapslar\/","title":{"rendered":"Happy Caps &#8211; Recoup-E &#8211; 4 kapslar"},"content":{"rendered":"<p><strong>Happy Caps &#8211; Recoup-E &#8211; 4 kapslar<\/strong><\/p>\n<p>Botemedel mot baksm\u00e4lla! Dihydromyricetin (DHM) \u00e4r ett flavonoid extraherat fr\u00e5n det japanska russintr\u00e4det (Hovenia dulcis), som har varit k\u00e4nt f\u00f6r sina medicinska egenskaper i tusentals \u00e5r. Inom traditionell \u00f6stlig medicin har det anv\u00e4nts i hela Japan, Kina och Korea som ett botemedel mot baksm\u00e4lla.<\/p>\n<p><strong>Dosering:\u00a0<\/strong>Ta 1 eller 2 kapslar dagligen.<br \/>\n<strong>F\u00f6rpackningsinneh\u00e5ll:<\/strong>\u00a0Ask om 10 (40 kapslar)<br \/>\n<strong>Ursprungsland:<\/strong>\u00a0Nederl\u00e4nderna<br \/>\n<strong>Kategori:\u00a0<\/strong>kosttillskott<\/p>\n<p><strong>Ingredienser per kapsel:<\/strong>\u00a0Vinbladsextrakt \/ dihydromyricetin 98 % 300 mg, magnesiumstearat, cellulosa, hydroxypropylmetylcellulosa<\/p>\n<p>&nbsp;<\/p>\n<p><strong>Varning:<\/strong>\u00a0\u00d6verskrid inte rekommenderad dos. Ta inte i kombination med alkohol. Avbryt anv\u00e4ndning om du upplever nervositet, skakningar, s\u00f6mnl\u00f6shet, aptitl\u00f6shet eller illam\u00e5ende. Vid tvekan, r\u00e5dg\u00f6r med din l\u00e4kare.<\/p>\n<p><b>Observera:\u00a0<\/b>Ej avsett f\u00f6r barn. F\u00f6rvaras o\u00e5tkomligt f\u00f6r barn. Anv\u00e4nd ej under graviditet eller amning. Detta \u00e4r ett kosttillskott; det b\u00f6r inte anv\u00e4ndas som ers\u00e4ttning f\u00f6r en varierad kost. R\u00e5dfr\u00e5ga alltid din l\u00e4kare innan du \u00e4ndrar din kost eller b\u00f6rjar anv\u00e4nda en ny produkt. Denna produkt \u00e4r inte avsedd att diagnostisera, behandla eller f\u00f6rebygga n\u00e5gon sjukdom. Inte avsedd f\u00f6r direkt konsumtion eller r\u00f6kning.<\/p>\n<p>&nbsp;<\/p>\n<h3>Anv\u00e4ndning &amp; R\u00e5d<\/h3>\n<p>Ta 1 till 2 kapslar cirka 60 minuter innan du vill vara aktiv. F\u00f6r snabbare effekt kan Energy-E tas p\u00e5 fastande mage. Vill du l\u00f6sa upp kapseln i vatten? D\u00e5 kan upptaget \u00f6ka med upp till 40 %. Kombinera g\u00e4rna med Happy Caps Multivitamin f\u00f6r en mer balanserad och f\u00f6rst\u00e4rkt effekt.<\/p>\n<h3>Vad \u00e4r Happy-Caps?<\/h3>\n<p>Happy-Caps-Official \u00e4r en nederl\u00e4ndsk serie av naturliga kapslar \u2013 skapade f\u00f6r att ge dig just det du k\u00e4nner att du beh\u00f6ver, eller det du kanske l\u00e4ngtar efter.<\/p>\n<p>Inspirerad av traditionell v\u00e4xtkunskap och modern livsstil, 100 % vegansk och tillverkad under strikta HACCP-riktlinjer. I \u00f6ver 20 \u00e5r har Happy Caps varit ett tryggt val f\u00f6r alla som vill f\u00e5 ut mer av livet.<\/p>\n<h3>En kapsel f\u00f6r varje k\u00e4nsla<\/h3>\n<p>Och en v\u00e4rld att utforska f\u00f6r varje sinnesst\u00e4mning:<\/p>\n<ul>\n<li>Fr\u00e5n dansgolv till dagdr\u00f6m \u2013 utan baksm\u00e4lla<\/li>\n<li>Fr\u00e5n fokusboost till flow \u2013 utan energidipp<\/li>\n<li>F\u00f6r djup s\u00f6mn eller f\u00f6rdjupade sinnen<\/li>\n<li>F\u00f6r n\u00e4rhet, samh\u00f6righet och intima \u00f6gonblick<\/li>\n<\/ul>\n<p>Oavsett om du s\u00f6ker ett klart sinne, fysisk energi, euforisk st\u00e4mning eller en lekfull k\u00e4nsla \u2013 hos Happy-Caps-Official hittar du den kapsel som passar just din mood.<\/p>\n<p>&nbsp;<\/p>","protected":false},"excerpt":{"rendered":"<p><strong>Happy Caps &#8211; Recoup-E &#8211; 4 kapslar<\/strong><\/p>\n<p>Botemedel mot baksm\u00e4lla! Dihydromyricetin (DHM) \u00e4r ett flavonoid extraherat fr\u00e5n det japanska russintr\u00e4det (Hovenia dulcis), som har varit k\u00e4nt f\u00f6r sina medicinska egenskaper i tusentals \u00e5r. Inom traditionell \u00f6stlig medicin har det anv\u00e4nts i hela Japan, Kina och Korea som ett botemedel mot baksm\u00e4lla.<\/p>\n<h2><strong style=\"font-size: 16px;\">4 kapslar per f\u00f6rpackning<\/strong><\/h2>","protected":false},"featured_media":298130,"comment_status":"open","ping_status":"closed","template":"","meta":{"site-sidebar-layout":"default","site-content-layout":"","ast-site-content-layout":"default","site-content-style":"default","site-sidebar-style":"default","ast-global-header-display":"","ast-banner-title-visibility":"","ast-main-header-display":"","ast-hfb-above-header-display":"","ast-hfb-below-header-display":"","ast-hfb-mobile-header-display":"","site-post-title":"","ast-breadcrumbs-content":"","ast-featured-img":"","footer-sml-layout":"","ast-disable-related-posts":"","theme-transparent-header-meta":"default","adv-header-id-meta":"","stick-header-meta":"default","header-above-stick-meta":"","header-main-stick-meta":"","header-below-stick-meta":"","astra-migrate-meta-layouts":"set","ast-page-background-enabled":"default","ast-page-background-meta":{"desktop":{"background-color":"var(--ast-global-color-4)","background-image":"","background-repeat":"repeat","background-position":"center center","background-size":"auto","background-attachment":"scroll","background-type":"","background-media":"","overlay-type":"","overlay-color":"","overlay-opacity":"","overlay-gradient":""},"tablet":{"background-color":"","background-image":"","background-repeat":"repeat","background-position":"center center","background-size":"auto","background-attachment":"scroll","background-type":"","background-media":"","overlay-type":"","overlay-color":"","overlay-opacity":"","overlay-gradient":""},"mobile":{"background-color":"","background-image":"","background-repeat":"repeat","background-position":"center center","background-size":"auto","background-attachment":"scroll","background-type":"","background-media":"","overlay-type":"","overlay-color":"","overlay-opacity":"","overlay-gradient":""}},"ast-content-background-meta":{"desktop":{"background-color":"var(--ast-global-color-5)","background-image":"","background-repeat":"repeat","background-position":"center center","background-size":"auto","background-attachment":"scroll","background-type":"","background-media":"","overlay-type":"","overlay-color":"","overlay-opacity":"","overlay-gradient":""},"tablet":{"background-color":"var(--ast-global-color-5)","background-image":"","background-repeat":"repeat","background-position":"center center","background-size":"auto","background-attachment":"scroll","background-type":"","background-media":"","overlay-type":"","overlay-color":"","overlay-opacity":"","overlay-gradient":""},"mobile":{"background-color":"var(--ast-global-color-5)","background-image":"","background-repeat":"repeat","background-position":"center center","background-size":"auto","background-attachment":"scroll","background-type":"","background-media":"","overlay-type":"","overlay-color":"","overlay-opacity":"","overlay-gradient":""}}},"product_brand":[745],"product_cat":[354,642,454,377],"product_tag":[],"class_list":{"0":"post-298128","1":"product","2":"type-product","3":"status-publish","4":"has-post-thumbnail","6":"product_brand-happy-caps","7":"product_cat-edibles","8":"product_cat-kapslar","9":"product_cat-micro-dosing","10":"product_cat-shroomz","11":"desktop-align-center","12":"tablet-align-left","13":"mobile-align-left","14":"ast-product-gallery-layout-vertical-slider","15":"ast-product-gallery-with-no-image","16":"ast-magnify-disabled","17":"ast-product-tabs-layout-horizontal","19":"first","20":"instock","21":"taxable","22":"shipping-taxable","23":"purchasable","24":"product-type-simple"},"yoast_head":"<!-- This site is optimized with the Yoast SEO Premium plugin v27.1 (Yoast SEO v27.1.1) - https:\/\/yoast.com\/product\/yoast-seo-premium-wordpress\/ -->\n<title>Happy Caps - Recoup-E - 4 kapslar<\/title>\n<meta name=\"description\" content=\"Happy Caps - Recoup-E - 4 kapslar. Uppt\u00e4ck Energy-E fr\u00e5n Happy-Caps-Official: en naturlig kapsel framtagen f\u00f6r \u00e5terh\u00e4mtning.\" \/>\n<meta name=\"robots\" content=\"index, follow, max-snippet:-1, max-image-preview:large, max-video-preview:-1\" \/>\n<link rel=\"canonical\" href=\"https:\/\/www.swizzle.se\/dk\/product-2\/happy-caps-recoup-e-4-kapslar\/\" \/>\n<meta property=\"og:locale\" content=\"da_DK\" \/>\n<meta property=\"og:type\" content=\"article\" \/>\n<meta property=\"og:title\" content=\"Happy Caps - Recoup-E - 4 kapslar\" \/>\n<meta property=\"og:description\" content=\"Happy Caps - Recoup-E - 4 kapslar. Uppt\u00e4ck Energy-E fr\u00e5n Happy-Caps-Official: en naturlig kapsel framtagen f\u00f6r \u00e5terh\u00e4mtning.\" \/>\n<meta property=\"og:url\" content=\"https:\/\/www.swizzle.se\/dk\/product-2\/happy-caps-recoup-e-4-kapslar\/\" \/>\n<meta property=\"og:site_name\" content=\"Swizzle\" \/>\n<meta property=\"article:modified_time\" content=\"2026-03-04T13:05:45+00:00\" \/>\n<meta property=\"og:image\" content=\"https:\/\/www.swizzle.se\/wp-content\/uploads\/2026\/02\/recoup-e.jpg\" \/>\n\t<meta property=\"og:image:width\" content=\"900\" \/>\n\t<meta property=\"og:image:height\" content=\"900\" \/>\n\t<meta property=\"og:image:type\" content=\"image\/jpeg\" \/>\n<meta name=\"twitter:card\" content=\"summary_large_image\" \/>\n<meta name=\"twitter:label1\" content=\"Pris\" \/>\n\t<meta name=\"twitter:data1\" content=\"195.00&nbsp;&#107;&#114;\" \/>\n\t<meta name=\"twitter:label2\" content=\"Tilg\u00e6ngelighed\" \/>\n\t<meta name=\"twitter:data2\" content=\"P\u00e5 lager\" \/>\n<script type=\"application\/ld+json\" class=\"yoast-schema-graph\">{\"@context\":\"https:\/\/schema.org\",\"@graph\":[{\"@type\":\"WebPage\",\"@id\":\"https:\/\/www.swizzle.se\/produkt\/happy-caps-recoup-e-4-kapslar\/\",\"url\":\"https:\/\/www.swizzle.se\/produkt\/happy-caps-recoup-e-4-kapslar\/\",\"name\":\"Happy Caps - Recoup-E - 4 kapslar\",\"isPartOf\":{\"@id\":\"https:\/\/www.swizzle.se\/#website\"},\"primaryImageOfPage\":{\"@id\":\"https:\/\/www.swizzle.se\/produkt\/happy-caps-recoup-e-4-kapslar\/#primaryimage\"},\"image\":{\"@id\":\"https:\/\/www.swizzle.se\/produkt\/happy-caps-recoup-e-4-kapslar\/#primaryimage\"},\"thumbnailUrl\":\"https:\/\/www.swizzle.se\/wp-content\/uploads\/2026\/02\/recoup-e.jpg\",\"datePublished\":\"2026-02-25T12:16:44+00:00\",\"dateModified\":\"2026-03-04T13:05:45+00:00\",\"description\":\"Happy Caps - Recoup-E - 4 kapslar. Uppt\u00e4ck Energy-E fr\u00e5n Happy-Caps-Official: en naturlig kapsel framtagen f\u00f6r \u00e5terh\u00e4mtning.\",\"breadcrumb\":{\"@id\":\"https:\/\/www.swizzle.se\/produkt\/happy-caps-recoup-e-4-kapslar\/#breadcrumb\"},\"inLanguage\":\"da-DK\",\"potentialAction\":[{\"@type\":\"ReadAction\",\"target\":[\"https:\/\/www.swizzle.se\/produkt\/happy-caps-recoup-e-4-kapslar\/\"]}]},{\"@type\":\"ImageObject\",\"inLanguage\":\"da-DK\",\"@id\":\"https:\/\/www.swizzle.se\/produkt\/happy-caps-recoup-e-4-kapslar\/#primaryimage\",\"url\":\"https:\/\/www.swizzle.se\/wp-content\/uploads\/2026\/02\/recoup-e.jpg\",\"contentUrl\":\"https:\/\/www.swizzle.se\/wp-content\/uploads\/2026\/02\/recoup-e.jpg\",\"width\":900,\"height\":900,\"caption\":\"Recoup-e\"},{\"@type\":\"BreadcrumbList\",\"@id\":\"https:\/\/www.swizzle.se\/produkt\/happy-caps-recoup-e-4-kapslar\/#breadcrumb\",\"itemListElement\":[{\"@type\":\"ListItem\",\"position\":1,\"name\":\"Home\",\"item\":\"https:\/\/www.swizzle.se\/\"},{\"@type\":\"ListItem\",\"position\":2,\"name\":\"Shop\",\"item\":\"https:\/\/www.swizzle.se\/shop\/\"},{\"@type\":\"ListItem\",\"position\":3,\"name\":\"SHROOMZ\",\"item\":\"https:\/\/www.swizzle.se\/produkt-kategori\/shroomz\/\"},{\"@type\":\"ListItem\",\"position\":4,\"name\":\"Happy Caps &#8211; Recoup-E &#8211; 4 kapslar\"}]},{\"@type\":\"WebSite\",\"@id\":\"https:\/\/www.swizzle.se\/#website\",\"url\":\"https:\/\/www.swizzle.se\/\",\"name\":\"Swizzle\",\"description\":\"Nikotin CBD Vapes Snus White Portion\",\"publisher\":{\"@id\":\"https:\/\/www.swizzle.se\/#organization\"},\"potentialAction\":[{\"@type\":\"SearchAction\",\"target\":{\"@type\":\"EntryPoint\",\"urlTemplate\":\"https:\/\/www.swizzle.se\/?s={search_term_string}\"},\"query-input\":{\"@type\":\"PropertyValueSpecification\",\"valueRequired\":true,\"valueName\":\"search_term_string\"}}],\"inLanguage\":\"da-DK\"},{\"@type\":\"Organization\",\"@id\":\"https:\/\/www.swizzle.se\/#organization\",\"name\":\"Swizzle\",\"url\":\"https:\/\/www.swizzle.se\/\",\"logo\":{\"@type\":\"ImageObject\",\"inLanguage\":\"da-DK\",\"@id\":\"https:\/\/www.swizzle.se\/#\/schema\/logo\/image\/\",\"url\":\"https:\/\/www.swizzle.se\/wp-content\/uploads\/2025\/10\/cropped-SWIZZLE.-4.png\",\"contentUrl\":\"https:\/\/www.swizzle.se\/wp-content\/uploads\/2025\/10\/cropped-SWIZZLE.-4.png\",\"width\":800,\"height\":267,\"caption\":\"Swizzle\"},\"image\":{\"@id\":\"https:\/\/www.swizzle.se\/#\/schema\/logo\/image\/\"},\"hasMerchantReturnPolicy\":{\"@type\":\"MerchantReturnPolicy\",\"merchantReturnLink\":\"https:\/\/www.swizzle.se\/dk\/villkor\/\"}}]}<\/script>\n<meta property=\"product:price:amount\" content=\"195.00\" \/>\n<meta property=\"product:price:currency\" content=\"SEK\" \/>\n<meta property=\"og:availability\" content=\"instock\" \/>\n<meta property=\"product:availability\" content=\"instock\" \/>\n<meta property=\"product:retailer_item_id\" content=\"hcrecoup-e\" \/>\n<meta property=\"product:condition\" content=\"new\" \/>\n<!-- \/ Yoast SEO Premium plugin. -->","yoast_head_json":{"title":"Happy Caps - Recoup-E - 4 kapslar","description":"Happy Caps - Recoup-E - 4 kapslar. Uppt\u00e4ck Energy-E fr\u00e5n Happy-Caps-Official: en naturlig kapsel framtagen f\u00f6r \u00e5terh\u00e4mtning.","robots":{"index":"index","follow":"follow","max-snippet":"max-snippet:-1","max-image-preview":"max-image-preview:large","max-video-preview":"max-video-preview:-1"},"canonical":"https:\/\/www.swizzle.se\/dk\/product-2\/happy-caps-recoup-e-4-kapslar\/","og_locale":"da_DK","og_type":"article","og_title":"Happy Caps - Recoup-E - 4 kapslar","og_description":"Happy Caps - Recoup-E - 4 kapslar. Uppt\u00e4ck Energy-E fr\u00e5n Happy-Caps-Official: en naturlig kapsel framtagen f\u00f6r \u00e5terh\u00e4mtning.","og_url":"https:\/\/www.swizzle.se\/dk\/product-2\/happy-caps-recoup-e-4-kapslar\/","og_site_name":"Swizzle","article_modified_time":"2026-03-04T13:05:45+00:00","og_image":[{"width":900,"height":900,"url":"https:\/\/www.swizzle.se\/wp-content\/uploads\/2026\/02\/recoup-e.jpg","type":"image\/jpeg"}],"twitter_card":"summary_large_image","twitter_misc":{"Pris":"195.00&nbsp;&#107;&#114;","Tilg\u00e6ngelighed":"P\u00e5 lager"},"schema":{"@context":"https:\/\/schema.org","@graph":[{"@type":"WebPage","@id":"https:\/\/www.swizzle.se\/produkt\/happy-caps-recoup-e-4-kapslar\/","url":"https:\/\/www.swizzle.se\/produkt\/happy-caps-recoup-e-4-kapslar\/","name":"Happy Caps - Recoup-E - 4 kapslar","isPartOf":{"@id":"https:\/\/www.swizzle.se\/#website"},"primaryImageOfPage":{"@id":"https:\/\/www.swizzle.se\/produkt\/happy-caps-recoup-e-4-kapslar\/#primaryimage"},"image":{"@id":"https:\/\/www.swizzle.se\/produkt\/happy-caps-recoup-e-4-kapslar\/#primaryimage"},"thumbnailUrl":"https:\/\/www.swizzle.se\/wp-content\/uploads\/2026\/02\/recoup-e.jpg","datePublished":"2026-02-25T12:16:44+00:00","dateModified":"2026-03-04T13:05:45+00:00","description":"Happy Caps - Recoup-E - 4 kapslar. Uppt\u00e4ck Energy-E fr\u00e5n Happy-Caps-Official: en naturlig kapsel framtagen f\u00f6r \u00e5terh\u00e4mtning.","breadcrumb":{"@id":"https:\/\/www.swizzle.se\/produkt\/happy-caps-recoup-e-4-kapslar\/#breadcrumb"},"inLanguage":"da-DK","potentialAction":[{"@type":"ReadAction","target":["https:\/\/www.swizzle.se\/produkt\/happy-caps-recoup-e-4-kapslar\/"]}]},{"@type":"ImageObject","inLanguage":"da-DK","@id":"https:\/\/www.swizzle.se\/produkt\/happy-caps-recoup-e-4-kapslar\/#primaryimage","url":"https:\/\/www.swizzle.se\/wp-content\/uploads\/2026\/02\/recoup-e.jpg","contentUrl":"https:\/\/www.swizzle.se\/wp-content\/uploads\/2026\/02\/recoup-e.jpg","width":900,"height":900,"caption":"Recoup-e"},{"@type":"BreadcrumbList","@id":"https:\/\/www.swizzle.se\/produkt\/happy-caps-recoup-e-4-kapslar\/#breadcrumb","itemListElement":[{"@type":"ListItem","position":1,"name":"Home","item":"https:\/\/www.swizzle.se\/"},{"@type":"ListItem","position":2,"name":"Shop","item":"https:\/\/www.swizzle.se\/shop\/"},{"@type":"ListItem","position":3,"name":"SHROOMZ","item":"https:\/\/www.swizzle.se\/produkt-kategori\/shroomz\/"},{"@type":"ListItem","position":4,"name":"Happy Caps &#8211; Recoup-E &#8211; 4 kapslar"}]},{"@type":"WebSite","@id":"https:\/\/www.swizzle.se\/#website","url":"https:\/\/www.swizzle.se\/","name":"Swizzle","description":"Nikotin CBD Vapes Snus Hvid Portion","publisher":{"@id":"https:\/\/www.swizzle.se\/#organization"},"potentialAction":[{"@type":"SearchAction","target":{"@type":"EntryPoint","urlTemplate":"https:\/\/www.swizzle.se\/?s={search_term_string}"},"query-input":{"@type":"PropertyValueSpecification","valueRequired":true,"valueName":"search_term_string"}}],"inLanguage":"da-DK"},{"@type":"Organization","@id":"https:\/\/www.swizzle.se\/#organization","name":"Swizzle","url":"https:\/\/www.swizzle.se\/","logo":{"@type":"ImageObject","inLanguage":"da-DK","@id":"https:\/\/www.swizzle.se\/#\/schema\/logo\/image\/","url":"https:\/\/www.swizzle.se\/wp-content\/uploads\/2025\/10\/cropped-SWIZZLE.-4.png","contentUrl":"https:\/\/www.swizzle.se\/wp-content\/uploads\/2025\/10\/cropped-SWIZZLE.-4.png","width":800,"height":267,"caption":"Swizzle"},"image":{"@id":"https:\/\/www.swizzle.se\/#\/schema\/logo\/image\/"},"hasMerchantReturnPolicy":{"@type":"MerchantReturnPolicy","merchantReturnLink":"https:\/\/www.swizzle.se\/dk\/villkor\/"}}]},"product_price_amount":"195.00","product_price_currency":"SEK","og_availability":"instock","product_availability":"instock","product_retailer_item_id":"hcrecoup-e","product_condition":"new"},"jetpack_sharing_enabled":true,"tiered_pricing_type":"fixed","tiered_pricing_fixed_rules":[],"tiered_pricing_product_settings":{"layout":"default","base_unit_name":{"singular":null,"plural":null},"default_variation":null},"tiered_pricing_minimum_quantity":null,"tiered_pricing_roles_data":[],"tiered_pricing_percentage_rules":[],"tiered_pricing_maximum_quantity":null,"tiered_pricing_quantity_step":null,"_links":{"self":[{"href":"https:\/\/www.swizzle.se\/dk\/wp-json\/wp\/v2\/product\/298128","targetHints":{"allow":["GET"]}}],"collection":[{"href":"https:\/\/www.swizzle.se\/dk\/wp-json\/wp\/v2\/product"}],"about":[{"href":"https:\/\/www.swizzle.se\/dk\/wp-json\/wp\/v2\/types\/product"}],"replies":[{"embeddable":true,"href":"https:\/\/www.swizzle.se\/dk\/wp-json\/wp\/v2\/comments?post=298128"}],"version-history":[{"count":0,"href":"https:\/\/www.swizzle.se\/dk\/wp-json\/wp\/v2\/product\/298128\/revisions"}],"wp:featuredmedia":[{"embeddable":true,"href":"https:\/\/www.swizzle.se\/dk\/wp-json\/wp\/v2\/media\/298130"}],"wp:attachment":[{"href":"https:\/\/www.swizzle.se\/dk\/wp-json\/wp\/v2\/media?parent=298128"}],"wp:term":[{"taxonomy":"product_brand","embeddable":true,"href":"https:\/\/www.swizzle.se\/dk\/wp-json\/wp\/v2\/product_brand?post=298128"},{"taxonomy":"product_cat","embeddable":true,"href":"https:\/\/www.swizzle.se\/dk\/wp-json\/wp\/v2\/product_cat?post=298128"},{"taxonomy":"product_tag","embeddable":true,"href":"https:\/\/www.swizzle.se\/dk\/wp-json\/wp\/v2\/product_tag?post=298128"}],"curies":[{"name":"wp","href":"https:\/\/api.w.org\/{rel}","templated":true}]}}