{"id":297705,"date":"2026-02-19T15:43:23","date_gmt":"2026-02-19T14:43:23","guid":{"rendered":"https:\/\/www.swizzle.se\/?post_type=product&#038;p=297705"},"modified":"2026-04-07T08:06:34","modified_gmt":"2026-04-07T06:06:34","slug":"ccell-mini-tank-all-in-one-black-1ml","status":"publish","type":"product","link":"https:\/\/www.swizzle.se\/dk\/produkt\/ccell-mini-tank-all-in-one-black-1ml\/","title":{"rendered":"CCELL Mini Tank All-in-One Black 1ml"},"content":{"rendered":"<h1 class=\"product_title entry-title wd-entities-title\">CCELL Mini Tank All-in-One Black 1ml<\/h1>\n<p>&nbsp;<\/p>\n<p>Wholesale CCELL Mini Tank \u00e4r det perfekta tillskottet till alla butiker som vill ge kunderna en h\u00f6gkvalitativ och p\u00e5litlig vapingupplevelse. Med sin handflatstora design och diskreta utseende \u00e4r denna allt-i-ett-enhet idealisk f\u00f6r anv\u00e4ndning p\u00e5 spr\u00e5ng. Den valfria aromf\u00f6rseglingen och l\u00e4ckageskyddet s\u00e4kerst\u00e4ller att dina kunder kan njuta av sina favoritoljor utan kladd eller o\u00f6nskad uppm\u00e4rksamhet.<\/p>\n<p>CCELL EVOMAX-v\u00e4rmeelementet i Wholesale CCELL Mini Tank Black 1ml garanterar en igens\u00e4ttningsfri och l\u00e4ckagefri upplevelse, vilket g\u00f6r den kompatibel med en m\u00e4ngd olika oljor, inklusive levande kolofonium och flytande diamanter. Tankvolymen p\u00e5 1ml m\u00f6jligg\u00f6r l\u00e4ngre vapingsessioner, medan batterikapaciteten p\u00e5 200mAh s\u00e4kerst\u00e4ller l\u00e5ngvarig anv\u00e4ndning. Denna kompakta och diskreta enhet \u00e4r perfekt f\u00f6r kunder som letar efter en elegant och b\u00e4rbar vapingl\u00f6sning.<\/p>\n<p>Funktioner:<\/p>\n<ul>\n<li>Tankvolym: 1 ml<\/li>\n<li>Batterikapacitet: 200 mAh<\/li>\n<li>M\u00e5tt: 63 H x 36 B x 15 D (mm)<\/li>\n<li>Extremt kompakt och diskret h\u00f6lje<\/li>\n<li>Aromavst\u00e4ngning och l\u00e4ckageskydd (valfritt)<\/li>\n<li>Igens\u00e4ttningsfria dubbla luftventiler och isolerad v\u00e4g f\u00f6r ren och s\u00e4ker \u00e5nga<\/li>\n<li>Inhaleringsaktiverad<\/li>\n<li>USB-C-laddning<\/li>\n<\/ul>\n<p>&nbsp;<\/p>","protected":false},"excerpt":{"rendered":"<h1 class=\"product_title entry-title wd-entities-title\">CCELL Mini Tank All-in-One Black 1ml<\/h1>\n<p>&nbsp;<\/p>\n<p>Wholesale CCELL Mini Tank \u00e4r det perfekta tillskottet till alla butiker som vill ge kunderna en h\u00f6gkvalitativ och p\u00e5litlig vapingupplevelse. Med sin handflatstora design och diskreta utseende \u00e4r denna allt-i-ett-enhet idealisk f\u00f6r anv\u00e4ndning p\u00e5 spr\u00e5ng. Den valfria aromf\u00f6rseglingen och l\u00e4ckageskyddet s\u00e4kerst\u00e4ller att dina kunder kan njuta av sina favoritoljor utan kladd eller o\u00f6nskad uppm\u00e4rksamhet.<\/p>","protected":false},"featured_media":297707,"comment_status":"closed","ping_status":"closed","template":"","meta":{"site-sidebar-layout":"default","site-content-layout":"","ast-site-content-layout":"default","site-content-style":"default","site-sidebar-style":"default","ast-global-header-display":"","ast-banner-title-visibility":"","ast-main-header-display":"","ast-hfb-above-header-display":"","ast-hfb-below-header-display":"","ast-hfb-mobile-header-display":"","site-post-title":"","ast-breadcrumbs-content":"","ast-featured-img":"","footer-sml-layout":"","ast-disable-related-posts":"","theme-transparent-header-meta":"default","adv-header-id-meta":"","stick-header-meta":"default","header-above-stick-meta":"","header-main-stick-meta":"","header-below-stick-meta":"","astra-migrate-meta-layouts":"set","ast-page-background-enabled":"default","ast-page-background-meta":{"desktop":{"background-color":"var(--ast-global-color-4)","background-image":"","background-repeat":"repeat","background-position":"center center","background-size":"auto","background-attachment":"scroll","background-type":"","background-media":"","overlay-type":"","overlay-color":"","overlay-opacity":"","overlay-gradient":""},"tablet":{"background-color":"","background-image":"","background-repeat":"repeat","background-position":"center center","background-size":"auto","background-attachment":"scroll","background-type":"","background-media":"","overlay-type":"","overlay-color":"","overlay-opacity":"","overlay-gradient":""},"mobile":{"background-color":"","background-image":"","background-repeat":"repeat","background-position":"center center","background-size":"auto","background-attachment":"scroll","background-type":"","background-media":"","overlay-type":"","overlay-color":"","overlay-opacity":"","overlay-gradient":""}},"ast-content-background-meta":{"desktop":{"background-color":"var(--ast-global-color-5)","background-image":"","background-repeat":"repeat","background-position":"center center","background-size":"auto","background-attachment":"scroll","background-type":"","background-media":"","overlay-type":"","overlay-color":"","overlay-opacity":"","overlay-gradient":""},"tablet":{"background-color":"var(--ast-global-color-5)","background-image":"","background-repeat":"repeat","background-position":"center center","background-size":"auto","background-attachment":"scroll","background-type":"","background-media":"","overlay-type":"","overlay-color":"","overlay-opacity":"","overlay-gradient":""},"mobile":{"background-color":"var(--ast-global-color-5)","background-image":"","background-repeat":"repeat","background-position":"center center","background-size":"auto","background-attachment":"scroll","background-type":"","background-media":"","overlay-type":"","overlay-color":"","overlay-opacity":"","overlay-gradient":""}}},"product_brand":[729],"product_cat":[497,449,597,395],"product_tag":[],"class_list":{"0":"post-297705","1":"product","2":"type-product","3":"status-publish","4":"has-post-thumbnail","6":"product_brand-ccell","7":"product_cat-cartridges","8":"product_cat-pod-podsystem","9":"product_cat-tanks","10":"product_cat-vaporizer","11":"desktop-align-center","12":"tablet-align-left","13":"mobile-align-left","14":"ast-product-gallery-layout-vertical-slider","15":"ast-magnify-disabled","16":"ast-product-tabs-layout-horizontal","18":"first","19":"instock","20":"taxable","21":"shipping-taxable","22":"purchasable","23":"product-type-simple"},"yoast_head":"<!-- This site is optimized with the Yoast SEO Premium plugin v27.1 (Yoast SEO v27.1.1) - https:\/\/yoast.com\/product\/yoast-seo-premium-wordpress\/ -->\n<title>CCELL Mini Tank All-in-One Black 1ml<\/title>\n<meta name=\"description\" content=\"Wholesale CCELL Mini Tank \u00e4r det perfekta tillskottet till alla butiker som vill ge kunderna en h\u00f6gkvalitativ och p\u00e5litlig vapingupplevelse.\" \/>\n<meta name=\"robots\" content=\"index, follow, max-snippet:-1, max-image-preview:large, max-video-preview:-1\" \/>\n<link rel=\"canonical\" href=\"https:\/\/www.swizzle.se\/dk\/product-2\/ccell-mini-tank-all-in-one-black-1ml\/\" \/>\n<meta property=\"og:locale\" content=\"da_DK\" \/>\n<meta property=\"og:type\" content=\"article\" \/>\n<meta property=\"og:title\" content=\"CCELL Mini Tank All-in-One Black 1ml\" \/>\n<meta property=\"og:description\" content=\"Wholesale CCELL Mini Tank \u00e4r det perfekta tillskottet till alla butiker som vill ge kunderna en h\u00f6gkvalitativ och p\u00e5litlig vapingupplevelse.\" \/>\n<meta property=\"og:url\" content=\"https:\/\/www.swizzle.se\/dk\/product-2\/ccell-mini-tank-all-in-one-black-1ml\/\" \/>\n<meta property=\"og:site_name\" content=\"Swizzle\" \/>\n<meta property=\"article:modified_time\" content=\"2026-04-07T06:06:34+00:00\" \/>\n<meta property=\"og:image\" content=\"https:\/\/www.swizzle.se\/wp-content\/uploads\/2026\/02\/wholesale-ccell-mini-tank-all-in-one-black-1ml-1.jpg\" \/>\n\t<meta property=\"og:image:width\" content=\"1200\" \/>\n\t<meta property=\"og:image:height\" content=\"1200\" \/>\n\t<meta property=\"og:image:type\" content=\"image\/jpeg\" \/>\n<meta name=\"twitter:card\" content=\"summary_large_image\" \/>\n<meta name=\"twitter:label1\" content=\"Pris\" \/>\n\t<meta name=\"twitter:data1\" content=\"75.00&nbsp;&#107;&#114;\" \/>\n\t<meta name=\"twitter:label2\" content=\"Tilg\u00e6ngelighed\" \/>\n\t<meta name=\"twitter:data2\" content=\"P\u00e5 lager\" \/>\n<script type=\"application\/ld+json\" class=\"yoast-schema-graph\">{\"@context\":\"https:\/\/schema.org\",\"@graph\":[{\"@type\":\"WebPage\",\"@id\":\"https:\/\/www.swizzle.se\/produkt\/ccell-mini-tank-all-in-one-black-1ml\/\",\"url\":\"https:\/\/www.swizzle.se\/produkt\/ccell-mini-tank-all-in-one-black-1ml\/\",\"name\":\"CCELL Mini Tank All-in-One Black 1ml\",\"isPartOf\":{\"@id\":\"https:\/\/www.swizzle.se\/#website\"},\"primaryImageOfPage\":{\"@id\":\"https:\/\/www.swizzle.se\/produkt\/ccell-mini-tank-all-in-one-black-1ml\/#primaryimage\"},\"image\":{\"@id\":\"https:\/\/www.swizzle.se\/produkt\/ccell-mini-tank-all-in-one-black-1ml\/#primaryimage\"},\"thumbnailUrl\":\"https:\/\/www.swizzle.se\/wp-content\/uploads\/2026\/02\/wholesale-ccell-mini-tank-all-in-one-black-1ml-1.jpg\",\"datePublished\":\"2026-02-19T14:43:23+00:00\",\"dateModified\":\"2026-04-07T06:06:34+00:00\",\"description\":\"Wholesale CCELL Mini Tank \u00e4r det perfekta tillskottet till alla butiker som vill ge kunderna en h\u00f6gkvalitativ och p\u00e5litlig vapingupplevelse.\",\"breadcrumb\":{\"@id\":\"https:\/\/www.swizzle.se\/produkt\/ccell-mini-tank-all-in-one-black-1ml\/#breadcrumb\"},\"inLanguage\":\"da-DK\",\"potentialAction\":[{\"@type\":\"ReadAction\",\"target\":[\"https:\/\/www.swizzle.se\/produkt\/ccell-mini-tank-all-in-one-black-1ml\/\"]}]},{\"@type\":\"ImageObject\",\"inLanguage\":\"da-DK\",\"@id\":\"https:\/\/www.swizzle.se\/produkt\/ccell-mini-tank-all-in-one-black-1ml\/#primaryimage\",\"url\":\"https:\/\/www.swizzle.se\/wp-content\/uploads\/2026\/02\/wholesale-ccell-mini-tank-all-in-one-black-1ml-1.jpg\",\"contentUrl\":\"https:\/\/www.swizzle.se\/wp-content\/uploads\/2026\/02\/wholesale-ccell-mini-tank-all-in-one-black-1ml-1.jpg\",\"width\":1200,\"height\":1200,\"caption\":\"CCELL Mini Tank All-in-One Black 1ml front\"},{\"@type\":\"BreadcrumbList\",\"@id\":\"https:\/\/www.swizzle.se\/produkt\/ccell-mini-tank-all-in-one-black-1ml\/#breadcrumb\",\"itemListElement\":[{\"@type\":\"ListItem\",\"position\":1,\"name\":\"Home\",\"item\":\"https:\/\/www.swizzle.se\/\"},{\"@type\":\"ListItem\",\"position\":2,\"name\":\"Shop\",\"item\":\"https:\/\/www.swizzle.se\/shop\/\"},{\"@type\":\"ListItem\",\"position\":3,\"name\":\"R\u00d6KTILLBEH\u00d6R\",\"item\":\"https:\/\/www.swizzle.se\/produkt-kategori\/roktillbehor\/\"},{\"@type\":\"ListItem\",\"position\":4,\"name\":\"Cartridges\",\"item\":\"https:\/\/www.swizzle.se\/produkt-kategori\/roktillbehor\/cartridges\/\"},{\"@type\":\"ListItem\",\"position\":5,\"name\":\"CCELL Mini Tank All-in-One Black 1ml\"}]},{\"@type\":\"WebSite\",\"@id\":\"https:\/\/www.swizzle.se\/#website\",\"url\":\"https:\/\/www.swizzle.se\/\",\"name\":\"Swizzle\",\"description\":\"Nikotin CBD Vapes Snus White Portion\",\"publisher\":{\"@id\":\"https:\/\/www.swizzle.se\/#organization\"},\"potentialAction\":[{\"@type\":\"SearchAction\",\"target\":{\"@type\":\"EntryPoint\",\"urlTemplate\":\"https:\/\/www.swizzle.se\/?s={search_term_string}\"},\"query-input\":{\"@type\":\"PropertyValueSpecification\",\"valueRequired\":true,\"valueName\":\"search_term_string\"}}],\"inLanguage\":\"da-DK\"},{\"@type\":\"Organization\",\"@id\":\"https:\/\/www.swizzle.se\/#organization\",\"name\":\"Swizzle\",\"url\":\"https:\/\/www.swizzle.se\/\",\"logo\":{\"@type\":\"ImageObject\",\"inLanguage\":\"da-DK\",\"@id\":\"https:\/\/www.swizzle.se\/#\/schema\/logo\/image\/\",\"url\":\"https:\/\/www.swizzle.se\/wp-content\/uploads\/2025\/10\/cropped-SWIZZLE.-4.png\",\"contentUrl\":\"https:\/\/www.swizzle.se\/wp-content\/uploads\/2025\/10\/cropped-SWIZZLE.-4.png\",\"width\":800,\"height\":267,\"caption\":\"Swizzle\"},\"image\":{\"@id\":\"https:\/\/www.swizzle.se\/#\/schema\/logo\/image\/\"},\"hasMerchantReturnPolicy\":{\"@type\":\"MerchantReturnPolicy\",\"merchantReturnLink\":\"https:\/\/www.swizzle.se\/dk\/villkor\/\"}}]}<\/script>\n<meta property=\"product:price:amount\" content=\"75.00\" \/>\n<meta property=\"product:price:currency\" content=\"SEK\" \/>\n<meta property=\"og:availability\" content=\"instock\" \/>\n<meta property=\"product:availability\" content=\"instock\" \/>\n<meta property=\"product:retailer_item_id\" content=\"69336\" \/>\n<meta property=\"product:condition\" content=\"new\" \/>\n<!-- \/ Yoast SEO Premium plugin. -->","yoast_head_json":{"title":"CCELL Mini Tank All-in-One Black 1ml","description":"Wholesale CCELL Mini Tank \u00e4r det perfekta tillskottet till alla butiker som vill ge kunderna en h\u00f6gkvalitativ och p\u00e5litlig vapingupplevelse.","robots":{"index":"index","follow":"follow","max-snippet":"max-snippet:-1","max-image-preview":"max-image-preview:large","max-video-preview":"max-video-preview:-1"},"canonical":"https:\/\/www.swizzle.se\/dk\/product-2\/ccell-mini-tank-all-in-one-black-1ml\/","og_locale":"da_DK","og_type":"article","og_title":"CCELL Mini Tank All-in-One Black 1ml","og_description":"Wholesale CCELL Mini Tank \u00e4r det perfekta tillskottet till alla butiker som vill ge kunderna en h\u00f6gkvalitativ och p\u00e5litlig vapingupplevelse.","og_url":"https:\/\/www.swizzle.se\/dk\/product-2\/ccell-mini-tank-all-in-one-black-1ml\/","og_site_name":"Swizzle","article_modified_time":"2026-04-07T06:06:34+00:00","og_image":[{"width":1200,"height":1200,"url":"https:\/\/www.swizzle.se\/wp-content\/uploads\/2026\/02\/wholesale-ccell-mini-tank-all-in-one-black-1ml-1.jpg","type":"image\/jpeg"}],"twitter_card":"summary_large_image","twitter_misc":{"Pris":"75.00&nbsp;&#107;&#114;","Tilg\u00e6ngelighed":"P\u00e5 lager"},"schema":{"@context":"https:\/\/schema.org","@graph":[{"@type":"WebPage","@id":"https:\/\/www.swizzle.se\/produkt\/ccell-mini-tank-all-in-one-black-1ml\/","url":"https:\/\/www.swizzle.se\/produkt\/ccell-mini-tank-all-in-one-black-1ml\/","name":"CCELL Mini Tank All-in-One Black 1ml","isPartOf":{"@id":"https:\/\/www.swizzle.se\/#website"},"primaryImageOfPage":{"@id":"https:\/\/www.swizzle.se\/produkt\/ccell-mini-tank-all-in-one-black-1ml\/#primaryimage"},"image":{"@id":"https:\/\/www.swizzle.se\/produkt\/ccell-mini-tank-all-in-one-black-1ml\/#primaryimage"},"thumbnailUrl":"https:\/\/www.swizzle.se\/wp-content\/uploads\/2026\/02\/wholesale-ccell-mini-tank-all-in-one-black-1ml-1.jpg","datePublished":"2026-02-19T14:43:23+00:00","dateModified":"2026-04-07T06:06:34+00:00","description":"Wholesale CCELL Mini Tank \u00e4r det perfekta tillskottet till alla butiker som vill ge kunderna en h\u00f6gkvalitativ och p\u00e5litlig vapingupplevelse.","breadcrumb":{"@id":"https:\/\/www.swizzle.se\/produkt\/ccell-mini-tank-all-in-one-black-1ml\/#breadcrumb"},"inLanguage":"da-DK","potentialAction":[{"@type":"ReadAction","target":["https:\/\/www.swizzle.se\/produkt\/ccell-mini-tank-all-in-one-black-1ml\/"]}]},{"@type":"ImageObject","inLanguage":"da-DK","@id":"https:\/\/www.swizzle.se\/produkt\/ccell-mini-tank-all-in-one-black-1ml\/#primaryimage","url":"https:\/\/www.swizzle.se\/wp-content\/uploads\/2026\/02\/wholesale-ccell-mini-tank-all-in-one-black-1ml-1.jpg","contentUrl":"https:\/\/www.swizzle.se\/wp-content\/uploads\/2026\/02\/wholesale-ccell-mini-tank-all-in-one-black-1ml-1.jpg","width":1200,"height":1200,"caption":"CCELL Mini Tank All-in-One Black 1ml front"},{"@type":"BreadcrumbList","@id":"https:\/\/www.swizzle.se\/produkt\/ccell-mini-tank-all-in-one-black-1ml\/#breadcrumb","itemListElement":[{"@type":"ListItem","position":1,"name":"Home","item":"https:\/\/www.swizzle.se\/"},{"@type":"ListItem","position":2,"name":"Shop","item":"https:\/\/www.swizzle.se\/shop\/"},{"@type":"ListItem","position":3,"name":"R\u00d6KTILLBEH\u00d6R","item":"https:\/\/www.swizzle.se\/produkt-kategori\/roktillbehor\/"},{"@type":"ListItem","position":4,"name":"Cartridges","item":"https:\/\/www.swizzle.se\/produkt-kategori\/roktillbehor\/cartridges\/"},{"@type":"ListItem","position":5,"name":"CCELL Mini Tank All-in-One Black 1ml"}]},{"@type":"WebSite","@id":"https:\/\/www.swizzle.se\/#website","url":"https:\/\/www.swizzle.se\/","name":"Swizzle","description":"Nikotin CBD Vapes Snus Hvid Portion","publisher":{"@id":"https:\/\/www.swizzle.se\/#organization"},"potentialAction":[{"@type":"SearchAction","target":{"@type":"EntryPoint","urlTemplate":"https:\/\/www.swizzle.se\/?s={search_term_string}"},"query-input":{"@type":"PropertyValueSpecification","valueRequired":true,"valueName":"search_term_string"}}],"inLanguage":"da-DK"},{"@type":"Organization","@id":"https:\/\/www.swizzle.se\/#organization","name":"Swizzle","url":"https:\/\/www.swizzle.se\/","logo":{"@type":"ImageObject","inLanguage":"da-DK","@id":"https:\/\/www.swizzle.se\/#\/schema\/logo\/image\/","url":"https:\/\/www.swizzle.se\/wp-content\/uploads\/2025\/10\/cropped-SWIZZLE.-4.png","contentUrl":"https:\/\/www.swizzle.se\/wp-content\/uploads\/2025\/10\/cropped-SWIZZLE.-4.png","width":800,"height":267,"caption":"Swizzle"},"image":{"@id":"https:\/\/www.swizzle.se\/#\/schema\/logo\/image\/"},"hasMerchantReturnPolicy":{"@type":"MerchantReturnPolicy","merchantReturnLink":"https:\/\/www.swizzle.se\/dk\/villkor\/"}}]},"product_price_amount":"75.00","product_price_currency":"SEK","og_availability":"instock","product_availability":"instock","product_retailer_item_id":"69336","product_condition":"new"},"jetpack_sharing_enabled":true,"tiered_pricing_type":"fixed","tiered_pricing_fixed_rules":[],"tiered_pricing_product_settings":{"layout":"default","base_unit_name":{"singular":null,"plural":null},"default_variation":null},"tiered_pricing_minimum_quantity":null,"tiered_pricing_roles_data":[],"tiered_pricing_percentage_rules":[],"tiered_pricing_maximum_quantity":null,"tiered_pricing_quantity_step":null,"_links":{"self":[{"href":"https:\/\/www.swizzle.se\/dk\/wp-json\/wp\/v2\/product\/297705","targetHints":{"allow":["GET"]}}],"collection":[{"href":"https:\/\/www.swizzle.se\/dk\/wp-json\/wp\/v2\/product"}],"about":[{"href":"https:\/\/www.swizzle.se\/dk\/wp-json\/wp\/v2\/types\/product"}],"replies":[{"embeddable":true,"href":"https:\/\/www.swizzle.se\/dk\/wp-json\/wp\/v2\/comments?post=297705"}],"version-history":[{"count":0,"href":"https:\/\/www.swizzle.se\/dk\/wp-json\/wp\/v2\/product\/297705\/revisions"}],"wp:featuredmedia":[{"embeddable":true,"href":"https:\/\/www.swizzle.se\/dk\/wp-json\/wp\/v2\/media\/297707"}],"wp:attachment":[{"href":"https:\/\/www.swizzle.se\/dk\/wp-json\/wp\/v2\/media?parent=297705"}],"wp:term":[{"taxonomy":"product_brand","embeddable":true,"href":"https:\/\/www.swizzle.se\/dk\/wp-json\/wp\/v2\/product_brand?post=297705"},{"taxonomy":"product_cat","embeddable":true,"href":"https:\/\/www.swizzle.se\/dk\/wp-json\/wp\/v2\/product_cat?post=297705"},{"taxonomy":"product_tag","embeddable":true,"href":"https:\/\/www.swizzle.se\/dk\/wp-json\/wp\/v2\/product_tag?post=297705"}],"curies":[{"name":"wp","href":"https:\/\/api.w.org\/{rel}","templated":true}]}}