{"id":297685,"date":"2026-02-19T14:43:15","date_gmt":"2026-02-19T13:43:15","guid":{"rendered":"https:\/\/www.swizzle.se\/?post_type=product&#038;p=297685"},"modified":"2026-03-28T14:11:19","modified_gmt":"2026-03-28T13:11:19","slug":"xvape-lanza-dry-herb-vaporizer-bla","status":"publish","type":"product","link":"https:\/\/www.swizzle.se\/dk\/produkt\/xvape-lanza-dry-herb-vaporizer-bla\/","title":{"rendered":"XVAPE Lanza Dry Herb Vaporizer &#8211; Bl\u00e5"},"content":{"rendered":"<h1>XVAPE Lanza Dry Herb Vaporizer &#8211; Bl\u00e5<\/h1>\n<p>&nbsp;<\/p>\n<p>X Vape Lanza Dry Herb Vaporizer \u00e4r en kompakt, b\u00e4rbar enhet designad exklusivt f\u00f6r anv\u00e4ndning med torra \u00f6rter. Med en smal cylindrisk form och enkla kontroller ger Lanza j\u00e4mn v\u00e4rme och okomplicerad anv\u00e4ndning. Positionerad som en enhet i instegs- till mellanklassen.<\/p>\n<p><strong>Fakta:<\/strong><\/p>\n<ul>\n<li>B\u00e4rbar vaporizer f\u00f6r torra \u00f6rter med kompakt design<\/li>\n<li>Justerbar temperaturkontroll f\u00f6r flexibel anv\u00e4ndning<\/li>\n<li>Effektivt elektroniskt v\u00e4rmesystem<\/li>\n<li>Enkel enknappsman\u00f6vrering<\/li>\n<li>L\u00e4tt och enkel att b\u00e4ra<\/li>\n<li>Uppladdningsbart batteri med USB-laddning<\/li>\n<li>P\u00e5litlig prestanda fr\u00e5n X Vape<\/li>\n<\/ul>\n<p>&nbsp;<\/p>\n<p><strong>I l\u00e5dan medf\u00f6ljer:<\/strong><br \/>\n1 X Vape Lanza Dry Herb Vaporizer<br \/>\n1 USB-laddningskabel<br \/>\n1 anv\u00e4ndarmanual<\/p>\n<p>Se \u00e4ven v\u00e5ra andra vaporizer <a href=\"https:\/\/www.swizzle.se\/dk\/product-category\/roktillbehor\/vaporizer\/\">H\u00c4R<\/a><\/p>","protected":false},"excerpt":{"rendered":"<h1>XVAPE Lanza Dry Herb Vaporizer &#8211; Bl\u00e5<\/h1>\n<p>&nbsp;<\/p>\n<p>X Vape Lanza Dry Herb Vaporizer \u00e4r en kompakt, b\u00e4rbar enhet designad exklusivt f\u00f6r anv\u00e4ndning med torra \u00f6rter. Med en smal cylindrisk form och enkla kontroller ger Lanza j\u00e4mn v\u00e4rme och okomplicerad anv\u00e4ndning. Positionerad som en enhet i instegs- till mellanklassen.<\/p>","protected":false},"featured_media":297692,"comment_status":"closed","ping_status":"closed","template":"","meta":{"site-sidebar-layout":"default","site-content-layout":"","ast-site-content-layout":"default","site-content-style":"default","site-sidebar-style":"default","ast-global-header-display":"","ast-banner-title-visibility":"","ast-main-header-display":"","ast-hfb-above-header-display":"","ast-hfb-below-header-display":"","ast-hfb-mobile-header-display":"","site-post-title":"","ast-breadcrumbs-content":"","ast-featured-img":"","footer-sml-layout":"","ast-disable-related-posts":"","theme-transparent-header-meta":"default","adv-header-id-meta":"","stick-header-meta":"default","header-above-stick-meta":"","header-main-stick-meta":"","header-below-stick-meta":"","astra-migrate-meta-layouts":"set","ast-page-background-enabled":"default","ast-page-background-meta":{"desktop":{"background-color":"var(--ast-global-color-4)","background-image":"","background-repeat":"repeat","background-position":"center center","background-size":"auto","background-attachment":"scroll","background-type":"","background-media":"","overlay-type":"","overlay-color":"","overlay-opacity":"","overlay-gradient":""},"tablet":{"background-color":"","background-image":"","background-repeat":"repeat","background-position":"center center","background-size":"auto","background-attachment":"scroll","background-type":"","background-media":"","overlay-type":"","overlay-color":"","overlay-opacity":"","overlay-gradient":""},"mobile":{"background-color":"","background-image":"","background-repeat":"repeat","background-position":"center center","background-size":"auto","background-attachment":"scroll","background-type":"","background-media":"","overlay-type":"","overlay-color":"","overlay-opacity":"","overlay-gradient":""}},"ast-content-background-meta":{"desktop":{"background-color":"var(--ast-global-color-5)","background-image":"","background-repeat":"repeat","background-position":"center center","background-size":"auto","background-attachment":"scroll","background-type":"","background-media":"","overlay-type":"","overlay-color":"","overlay-opacity":"","overlay-gradient":""},"tablet":{"background-color":"var(--ast-global-color-5)","background-image":"","background-repeat":"repeat","background-position":"center center","background-size":"auto","background-attachment":"scroll","background-type":"","background-media":"","overlay-type":"","overlay-color":"","overlay-opacity":"","overlay-gradient":""},"mobile":{"background-color":"var(--ast-global-color-5)","background-image":"","background-repeat":"repeat","background-position":"center center","background-size":"auto","background-attachment":"scroll","background-type":"","background-media":"","overlay-type":"","overlay-color":"","overlay-opacity":"","overlay-gradient":""}}},"product_brand":[775],"product_cat":[395],"product_tag":[],"class_list":{"0":"post-297685","1":"product","2":"type-product","3":"status-publish","4":"has-post-thumbnail","6":"product_brand-xvape","7":"product_cat-vaporizer","8":"desktop-align-center","9":"tablet-align-left","10":"mobile-align-left","11":"ast-product-gallery-layout-vertical-slider","12":"ast-magnify-disabled","13":"ast-product-tabs-layout-horizontal","15":"first","16":"instock","17":"taxable","18":"shipping-taxable","19":"purchasable","20":"product-type-simple"},"yoast_head":"<!-- This site is optimized with the Yoast SEO Premium plugin v27.1 (Yoast SEO v27.1.1) - https:\/\/yoast.com\/product\/yoast-seo-premium-wordpress\/ -->\n<title>XVAPE Lanza Dry Herb Vaporizer - Bl\u00e5<\/title>\n<meta name=\"description\" content=\"X Vape Lanza Dry Herb Vaporizer \u00e4r en kompakt, b\u00e4rbar enhet designad exklusivt f\u00f6r anv\u00e4ndning med torra \u00f6rter. Med en smal cylindrisk form.\" \/>\n<meta name=\"robots\" content=\"index, follow, max-snippet:-1, max-image-preview:large, max-video-preview:-1\" \/>\n<link rel=\"canonical\" href=\"https:\/\/www.swizzle.se\/dk\/product-2\/xvape-lanza-dry-herb-vaporizer-bla\/\" \/>\n<meta property=\"og:locale\" content=\"da_DK\" \/>\n<meta property=\"og:type\" content=\"article\" \/>\n<meta property=\"og:title\" content=\"XVAPE Lanza Dry Herb Vaporizer - Bl\u00e5\" \/>\n<meta property=\"og:description\" content=\"X Vape Lanza Dry Herb Vaporizer \u00e4r en kompakt, b\u00e4rbar enhet designad exklusivt f\u00f6r anv\u00e4ndning med torra \u00f6rter. Med en smal cylindrisk form.\" \/>\n<meta property=\"og:url\" content=\"https:\/\/www.swizzle.se\/dk\/product-2\/xvape-lanza-dry-herb-vaporizer-bla\/\" \/>\n<meta property=\"og:site_name\" content=\"Swizzle\" \/>\n<meta property=\"article:modified_time\" content=\"2026-03-28T13:11:19+00:00\" \/>\n<meta property=\"og:image\" content=\"https:\/\/www.swizzle.se\/wp-content\/uploads\/2026\/02\/X-Vape-Lanza-Dry-Herb-Vaporizer-Blue.jpg\" \/>\n\t<meta property=\"og:image:width\" content=\"1200\" \/>\n\t<meta property=\"og:image:height\" content=\"1200\" \/>\n\t<meta property=\"og:image:type\" content=\"image\/jpeg\" \/>\n<meta name=\"twitter:card\" content=\"summary_large_image\" \/>\n<meta name=\"twitter:label1\" content=\"Pris\" \/>\n\t<meta name=\"twitter:data1\" content=\"549.00&nbsp;&#107;&#114;\" \/>\n\t<meta name=\"twitter:label2\" content=\"Tilg\u00e6ngelighed\" \/>\n\t<meta name=\"twitter:data2\" content=\"P\u00e5 lager\" \/>\n<script type=\"application\/ld+json\" class=\"yoast-schema-graph\">{\"@context\":\"https:\/\/schema.org\",\"@graph\":[{\"@type\":\"WebPage\",\"@id\":\"https:\/\/www.swizzle.se\/produkt\/xvape-lanza-dry-herb-vaporizer-bla\/\",\"url\":\"https:\/\/www.swizzle.se\/produkt\/xvape-lanza-dry-herb-vaporizer-bla\/\",\"name\":\"XVAPE Lanza Dry Herb Vaporizer - Bl\u00e5\",\"isPartOf\":{\"@id\":\"https:\/\/www.swizzle.se\/#website\"},\"primaryImageOfPage\":{\"@id\":\"https:\/\/www.swizzle.se\/produkt\/xvape-lanza-dry-herb-vaporizer-bla\/#primaryimage\"},\"image\":{\"@id\":\"https:\/\/www.swizzle.se\/produkt\/xvape-lanza-dry-herb-vaporizer-bla\/#primaryimage\"},\"thumbnailUrl\":\"https:\/\/www.swizzle.se\/wp-content\/uploads\/2026\/02\/X-Vape-Lanza-Dry-Herb-Vaporizer-Blue.jpg\",\"datePublished\":\"2026-02-19T13:43:15+00:00\",\"dateModified\":\"2026-03-28T13:11:19+00:00\",\"description\":\"X Vape Lanza Dry Herb Vaporizer \u00e4r en kompakt, b\u00e4rbar enhet designad exklusivt f\u00f6r anv\u00e4ndning med torra \u00f6rter. Med en smal cylindrisk form.\",\"breadcrumb\":{\"@id\":\"https:\/\/www.swizzle.se\/produkt\/xvape-lanza-dry-herb-vaporizer-bla\/#breadcrumb\"},\"inLanguage\":\"da-DK\",\"potentialAction\":[{\"@type\":\"ReadAction\",\"target\":[\"https:\/\/www.swizzle.se\/produkt\/xvape-lanza-dry-herb-vaporizer-bla\/\"]}]},{\"@type\":\"ImageObject\",\"inLanguage\":\"da-DK\",\"@id\":\"https:\/\/www.swizzle.se\/produkt\/xvape-lanza-dry-herb-vaporizer-bla\/#primaryimage\",\"url\":\"https:\/\/www.swizzle.se\/wp-content\/uploads\/2026\/02\/X-Vape-Lanza-Dry-Herb-Vaporizer-Blue.jpg\",\"contentUrl\":\"https:\/\/www.swizzle.se\/wp-content\/uploads\/2026\/02\/X-Vape-Lanza-Dry-Herb-Vaporizer-Blue.jpg\",\"width\":1200,\"height\":1200,\"caption\":\"enhance this picture - 99\"},{\"@type\":\"BreadcrumbList\",\"@id\":\"https:\/\/www.swizzle.se\/produkt\/xvape-lanza-dry-herb-vaporizer-bla\/#breadcrumb\",\"itemListElement\":[{\"@type\":\"ListItem\",\"position\":1,\"name\":\"Home\",\"item\":\"https:\/\/www.swizzle.se\/\"},{\"@type\":\"ListItem\",\"position\":2,\"name\":\"Shop\",\"item\":\"https:\/\/www.swizzle.se\/shop\/\"},{\"@type\":\"ListItem\",\"position\":3,\"name\":\"R\u00d6KTILLBEH\u00d6R\",\"item\":\"https:\/\/www.swizzle.se\/produkt-kategori\/roktillbehor\/\"},{\"@type\":\"ListItem\",\"position\":4,\"name\":\"VAPORIZER\",\"item\":\"https:\/\/www.swizzle.se\/produkt-kategori\/roktillbehor\/vaporizer\/\"},{\"@type\":\"ListItem\",\"position\":5,\"name\":\"XVAPE Lanza Dry Herb Vaporizer &#8211; Bl\u00e5\"}]},{\"@type\":\"WebSite\",\"@id\":\"https:\/\/www.swizzle.se\/#website\",\"url\":\"https:\/\/www.swizzle.se\/\",\"name\":\"Swizzle\",\"description\":\"Nikotin CBD Vapes Snus White Portion\",\"publisher\":{\"@id\":\"https:\/\/www.swizzle.se\/#organization\"},\"potentialAction\":[{\"@type\":\"SearchAction\",\"target\":{\"@type\":\"EntryPoint\",\"urlTemplate\":\"https:\/\/www.swizzle.se\/?s={search_term_string}\"},\"query-input\":{\"@type\":\"PropertyValueSpecification\",\"valueRequired\":true,\"valueName\":\"search_term_string\"}}],\"inLanguage\":\"da-DK\"},{\"@type\":\"Organization\",\"@id\":\"https:\/\/www.swizzle.se\/#organization\",\"name\":\"Swizzle\",\"url\":\"https:\/\/www.swizzle.se\/\",\"logo\":{\"@type\":\"ImageObject\",\"inLanguage\":\"da-DK\",\"@id\":\"https:\/\/www.swizzle.se\/#\/schema\/logo\/image\/\",\"url\":\"https:\/\/www.swizzle.se\/wp-content\/uploads\/2025\/10\/cropped-SWIZZLE.-4.png\",\"contentUrl\":\"https:\/\/www.swizzle.se\/wp-content\/uploads\/2025\/10\/cropped-SWIZZLE.-4.png\",\"width\":800,\"height\":267,\"caption\":\"Swizzle\"},\"image\":{\"@id\":\"https:\/\/www.swizzle.se\/#\/schema\/logo\/image\/\"},\"hasMerchantReturnPolicy\":{\"@type\":\"MerchantReturnPolicy\",\"merchantReturnLink\":\"https:\/\/www.swizzle.se\/dk\/villkor\/\"}}]}<\/script>\n<meta property=\"product:price:amount\" content=\"549.00\" \/>\n<meta property=\"product:price:currency\" content=\"SEK\" \/>\n<meta property=\"og:availability\" content=\"instock\" \/>\n<meta property=\"product:availability\" content=\"instock\" \/>\n<meta property=\"product:retailer_item_id\" content=\"398117\" \/>\n<meta property=\"product:condition\" content=\"new\" \/>\n<!-- \/ Yoast SEO Premium plugin. -->","yoast_head_json":{"title":"XVAPE Lanza Dry Herb Vaporizer - Bl\u00e5","description":"X Vape Lanza Dry Herb Vaporizer \u00e4r en kompakt, b\u00e4rbar enhet designad exklusivt f\u00f6r anv\u00e4ndning med torra \u00f6rter. Med en smal cylindrisk form.","robots":{"index":"index","follow":"follow","max-snippet":"max-snippet:-1","max-image-preview":"max-image-preview:large","max-video-preview":"max-video-preview:-1"},"canonical":"https:\/\/www.swizzle.se\/dk\/product-2\/xvape-lanza-dry-herb-vaporizer-bla\/","og_locale":"da_DK","og_type":"article","og_title":"XVAPE Lanza Dry Herb Vaporizer - Bl\u00e5","og_description":"X Vape Lanza Dry Herb Vaporizer \u00e4r en kompakt, b\u00e4rbar enhet designad exklusivt f\u00f6r anv\u00e4ndning med torra \u00f6rter. Med en smal cylindrisk form.","og_url":"https:\/\/www.swizzle.se\/dk\/product-2\/xvape-lanza-dry-herb-vaporizer-bla\/","og_site_name":"Swizzle","article_modified_time":"2026-03-28T13:11:19+00:00","og_image":[{"width":1200,"height":1200,"url":"https:\/\/www.swizzle.se\/wp-content\/uploads\/2026\/02\/X-Vape-Lanza-Dry-Herb-Vaporizer-Blue.jpg","type":"image\/jpeg"}],"twitter_card":"summary_large_image","twitter_misc":{"Pris":"549.00&nbsp;&#107;&#114;","Tilg\u00e6ngelighed":"P\u00e5 lager"},"schema":{"@context":"https:\/\/schema.org","@graph":[{"@type":"WebPage","@id":"https:\/\/www.swizzle.se\/produkt\/xvape-lanza-dry-herb-vaporizer-bla\/","url":"https:\/\/www.swizzle.se\/produkt\/xvape-lanza-dry-herb-vaporizer-bla\/","name":"XVAPE Lanza Dry Herb Vaporizer - Bl\u00e5","isPartOf":{"@id":"https:\/\/www.swizzle.se\/#website"},"primaryImageOfPage":{"@id":"https:\/\/www.swizzle.se\/produkt\/xvape-lanza-dry-herb-vaporizer-bla\/#primaryimage"},"image":{"@id":"https:\/\/www.swizzle.se\/produkt\/xvape-lanza-dry-herb-vaporizer-bla\/#primaryimage"},"thumbnailUrl":"https:\/\/www.swizzle.se\/wp-content\/uploads\/2026\/02\/X-Vape-Lanza-Dry-Herb-Vaporizer-Blue.jpg","datePublished":"2026-02-19T13:43:15+00:00","dateModified":"2026-03-28T13:11:19+00:00","description":"X Vape Lanza Dry Herb Vaporizer \u00e4r en kompakt, b\u00e4rbar enhet designad exklusivt f\u00f6r anv\u00e4ndning med torra \u00f6rter. Med en smal cylindrisk form.","breadcrumb":{"@id":"https:\/\/www.swizzle.se\/produkt\/xvape-lanza-dry-herb-vaporizer-bla\/#breadcrumb"},"inLanguage":"da-DK","potentialAction":[{"@type":"ReadAction","target":["https:\/\/www.swizzle.se\/produkt\/xvape-lanza-dry-herb-vaporizer-bla\/"]}]},{"@type":"ImageObject","inLanguage":"da-DK","@id":"https:\/\/www.swizzle.se\/produkt\/xvape-lanza-dry-herb-vaporizer-bla\/#primaryimage","url":"https:\/\/www.swizzle.se\/wp-content\/uploads\/2026\/02\/X-Vape-Lanza-Dry-Herb-Vaporizer-Blue.jpg","contentUrl":"https:\/\/www.swizzle.se\/wp-content\/uploads\/2026\/02\/X-Vape-Lanza-Dry-Herb-Vaporizer-Blue.jpg","width":1200,"height":1200,"caption":"enhance this picture - 99"},{"@type":"BreadcrumbList","@id":"https:\/\/www.swizzle.se\/produkt\/xvape-lanza-dry-herb-vaporizer-bla\/#breadcrumb","itemListElement":[{"@type":"ListItem","position":1,"name":"Home","item":"https:\/\/www.swizzle.se\/"},{"@type":"ListItem","position":2,"name":"Shop","item":"https:\/\/www.swizzle.se\/shop\/"},{"@type":"ListItem","position":3,"name":"R\u00d6KTILLBEH\u00d6R","item":"https:\/\/www.swizzle.se\/produkt-kategori\/roktillbehor\/"},{"@type":"ListItem","position":4,"name":"VAPORIZER","item":"https:\/\/www.swizzle.se\/produkt-kategori\/roktillbehor\/vaporizer\/"},{"@type":"ListItem","position":5,"name":"XVAPE Lanza Dry Herb Vaporizer &#8211; Bl\u00e5"}]},{"@type":"WebSite","@id":"https:\/\/www.swizzle.se\/#website","url":"https:\/\/www.swizzle.se\/","name":"Swizzle","description":"Nikotin CBD Vapes Snus Hvid Portion","publisher":{"@id":"https:\/\/www.swizzle.se\/#organization"},"potentialAction":[{"@type":"SearchAction","target":{"@type":"EntryPoint","urlTemplate":"https:\/\/www.swizzle.se\/?s={search_term_string}"},"query-input":{"@type":"PropertyValueSpecification","valueRequired":true,"valueName":"search_term_string"}}],"inLanguage":"da-DK"},{"@type":"Organization","@id":"https:\/\/www.swizzle.se\/#organization","name":"Swizzle","url":"https:\/\/www.swizzle.se\/","logo":{"@type":"ImageObject","inLanguage":"da-DK","@id":"https:\/\/www.swizzle.se\/#\/schema\/logo\/image\/","url":"https:\/\/www.swizzle.se\/wp-content\/uploads\/2025\/10\/cropped-SWIZZLE.-4.png","contentUrl":"https:\/\/www.swizzle.se\/wp-content\/uploads\/2025\/10\/cropped-SWIZZLE.-4.png","width":800,"height":267,"caption":"Swizzle"},"image":{"@id":"https:\/\/www.swizzle.se\/#\/schema\/logo\/image\/"},"hasMerchantReturnPolicy":{"@type":"MerchantReturnPolicy","merchantReturnLink":"https:\/\/www.swizzle.se\/dk\/villkor\/"}}]},"product_price_amount":"549.00","product_price_currency":"SEK","og_availability":"instock","product_availability":"instock","product_retailer_item_id":"398117","product_condition":"new"},"jetpack_sharing_enabled":true,"tiered_pricing_type":"fixed","tiered_pricing_fixed_rules":[],"tiered_pricing_product_settings":{"layout":"default","base_unit_name":{"singular":null,"plural":null},"default_variation":null},"tiered_pricing_minimum_quantity":null,"tiered_pricing_roles_data":[],"tiered_pricing_percentage_rules":[],"tiered_pricing_maximum_quantity":null,"tiered_pricing_quantity_step":null,"_links":{"self":[{"href":"https:\/\/www.swizzle.se\/dk\/wp-json\/wp\/v2\/product\/297685","targetHints":{"allow":["GET"]}}],"collection":[{"href":"https:\/\/www.swizzle.se\/dk\/wp-json\/wp\/v2\/product"}],"about":[{"href":"https:\/\/www.swizzle.se\/dk\/wp-json\/wp\/v2\/types\/product"}],"replies":[{"embeddable":true,"href":"https:\/\/www.swizzle.se\/dk\/wp-json\/wp\/v2\/comments?post=297685"}],"version-history":[{"count":0,"href":"https:\/\/www.swizzle.se\/dk\/wp-json\/wp\/v2\/product\/297685\/revisions"}],"wp:featuredmedia":[{"embeddable":true,"href":"https:\/\/www.swizzle.se\/dk\/wp-json\/wp\/v2\/media\/297692"}],"wp:attachment":[{"href":"https:\/\/www.swizzle.se\/dk\/wp-json\/wp\/v2\/media?parent=297685"}],"wp:term":[{"taxonomy":"product_brand","embeddable":true,"href":"https:\/\/www.swizzle.se\/dk\/wp-json\/wp\/v2\/product_brand?post=297685"},{"taxonomy":"product_cat","embeddable":true,"href":"https:\/\/www.swizzle.se\/dk\/wp-json\/wp\/v2\/product_cat?post=297685"},{"taxonomy":"product_tag","embeddable":true,"href":"https:\/\/www.swizzle.se\/dk\/wp-json\/wp\/v2\/product_tag?post=297685"}],"curies":[{"name":"wp","href":"https:\/\/api.w.org\/{rel}","templated":true}]}}